{"id":5143,"date":"2016-08-29T15:17:45","date_gmt":"2016-08-29T15:17:45","guid":{"rendered":"http:\/\/hugospritz.it\/il-cocktail\/?lang=de"},"modified":"2021-11-02T09:55:01","modified_gmt":"2021-11-02T09:55:01","slug":"il-cocktail","status":"publish","type":"page","link":"https:\/\/hugospritz.it\/de\/il-cocktail\/","title":{"rendered":"Il cocktail"},"content":{"rendered":"<section class=\"l-section wpb_row height_full width_full\"><div class=\"l-section-h i-cf\"><div class=\"g-cols offset_small\"><div class=\" full-width\"><\/div><\/div><\/div><\/section><!-- Row Backgrounds --><div class=\"upb_bg_img\" data-ultimate-bg=\"url(https:\/\/hugospritz.it\/wp-content\/uploads\/2021\/11\/hugo-spritz-01_1.jpg)\" data-image-id=\"id^5986|url^https:\/\/hugospritz.it\/wp-content\/uploads\/2021\/11\/hugo-spritz-01_1.jpg|caption^null|alt^null|title^hugo-spritz-01_1|description^null\" data-ultimate-bg-style=\"vcpb-default\" data-bg-img-repeat=\"no-repeat\" data-bg-img-size=\"cover\" data-bg-img-position=\"\" data-parallx_sense=\"30\" data-bg-override=\"0\" data-bg_img_attach=\"scroll\" data-upb-overlay-color=\"\" data-upb-bg-animation=\"\" data-fadeout=\"\" data-bg-animation=\"left-animation\" data-bg-animation-type=\"h\" data-animation-repeat=\"repeat\" data-fadeout-percentage=\"30\" data-parallax-content=\"\" data-parallax-content-sense=\"30\" data-row-effect-mobile-disable=\"true\" data-img-parallax-mobile-disable=\"true\" data-rtl=\"false\"  data-custom-vc-row=\"\"  data-vc=\"4.11.2.1\"  data-is_old_vc=\"\"  data-theme-support=\"\"   data-overlay=\"false\" data-overlay-color=\"\" data-overlay-pattern=\"\" data-overlay-pattern-opacity=\"\" data-overlay-pattern-size=\"\"    ><\/div><section class=\"l-section wpb_row height_medium\"><div class=\"l-section-h i-cf\"><div class=\"g-cols offset_small\"><div class=\" two-thirds\"><div class=\"w-separator type_invisible size_huge thick_1 style_solid color_border cont_none\"><span class=\"w-separator-h\"><\/span><\/div><div class=\"wpb_text_column \"><div class=\"wpb_wrapper\">\n<h1><span style=\"color: #67c631;\">HUGO DRINK<\/span><\/h1>\n<\/div> <\/div> <div class=\"wpb_text_column \"><div class=\"wpb_wrapper\"><p>Das perfekte Rezept? Misch Hugo Spritz Van Sering und gie\u00df ihn wenn er noch k\u00fchl ist. F\u00fcg 4 Eisw\u00fcrfel und einige Pfefferminzbl\u00e4tter hinzu. Nach Belieben und nach Geschmack gib dem Cocktail den letzten Schliff mit einem Apfelgr\u00fcnstuck und der modischste Drink des Augenblicks ist schon fertig! Lass dir erobern!<\/p><\/div> <\/div> <\/div><div class=\" one-third\"><div class=\"w-image \"><img width=\"1024\" height=\"1024\" src=\"https:\/\/hugospritz.it\/wp-content\/uploads\/2016\/08\/Eisch-Hugo-Glaeser-im-2er-Set-mit-gruenem-Fuss-im-Geschenkkarton-1024x1024.png\" class=\"attachment-large size-large\" alt=\"\" decoding=\"async\" loading=\"lazy\" srcset=\"https:\/\/hugospritz.it\/wp-content\/uploads\/2016\/08\/Eisch-Hugo-Glaeser-im-2er-Set-mit-gruenem-Fuss-im-Geschenkkarton-1024x1024.png 1024w, https:\/\/hugospritz.it\/wp-content\/uploads\/2016\/08\/Eisch-Hugo-Glaeser-im-2er-Set-mit-gruenem-Fuss-im-Geschenkkarton-150x150.png 150w, https:\/\/hugospritz.it\/wp-content\/uploads\/2016\/08\/Eisch-Hugo-Glaeser-im-2er-Set-mit-gruenem-Fuss-im-Geschenkkarton-300x300.png 300w, https:\/\/hugospritz.it\/wp-content\/uploads\/2016\/08\/Eisch-Hugo-Glaeser-im-2er-Set-mit-gruenem-Fuss-im-Geschenkkarton-768x768.png 768w, https:\/\/hugospritz.it\/wp-content\/uploads\/2016\/08\/Eisch-Hugo-Glaeser-im-2er-Set-mit-gruenem-Fuss-im-Geschenkkarton-180x180.png 180w, https:\/\/hugospritz.it\/wp-content\/uploads\/2016\/08\/Eisch-Hugo-Glaeser-im-2er-Set-mit-gruenem-Fuss-im-Geschenkkarton-600x600.png 600w, https:\/\/hugospritz.it\/wp-content\/uploads\/2016\/08\/Eisch-Hugo-Glaeser-im-2er-Set-mit-gruenem-Fuss-im-Geschenkkarton-350x350.png 350w, https:\/\/hugospritz.it\/wp-content\/uploads\/2016\/08\/Eisch-Hugo-Glaeser-im-2er-Set-mit-gruenem-Fuss-im-Geschenkkarton.png 1700w\" sizes=\"(max-width: 1024px) 100vw, 1024px\" \/><\/div><\/div><\/div><\/div><\/section>\n","protected":false},"excerpt":{"rendered":"HUGO DRINK Das perfekte Rezept? Misch Hugo Spritz Van Sering und gie\u00df ihn wenn er noch k\u00fchl ist. F\u00fcg 4 Eisw\u00fcrfel und einige Pfefferminzbl\u00e4tter hinzu. Nach Belieben und nach Geschmack...","protected":false},"author":2,"featured_media":0,"parent":0,"menu_order":0,"comment_status":"closed","ping_status":"closed","template":"","meta":[],"yoast_head":"<!-- This site is optimized with the Yoast SEO plugin v21.0 - https:\/\/yoast.com\/wordpress\/plugins\/seo\/ -->\n<title>Il cocktail - hugo-spritz<\/title>\n<meta name=\"robots\" content=\"index, follow, max-snippet:-1, max-image-preview:large, max-video-preview:-1\" \/>\n<link rel=\"canonical\" href=\"https:\/\/hugospritz.it\/de\/il-cocktail\/\" \/>\n<meta property=\"og:locale\" content=\"de_DE\" \/>\n<meta property=\"og:type\" content=\"article\" \/>\n<meta property=\"og:title\" content=\"Il cocktail - hugo-spritz\" \/>\n<meta property=\"og:url\" content=\"https:\/\/hugospritz.it\/de\/il-cocktail\/\" \/>\n<meta property=\"og:site_name\" content=\"hugo-spritz\" \/>\n<meta property=\"article:modified_time\" content=\"2021-11-02T09:55:01+00:00\" \/>\n<meta name=\"twitter:card\" content=\"summary_large_image\" \/>\n<meta name=\"twitter:label1\" content=\"Gesch\u00e4tzte Lesezeit\" \/>\n\t<meta name=\"twitter:data1\" content=\"1\u00a0Minute\" \/>\n<script type=\"application\/ld+json\" class=\"yoast-schema-graph\">{\"@context\":\"https:\/\/schema.org\",\"@graph\":[{\"@type\":\"WebPage\",\"@id\":\"https:\/\/hugospritz.it\/de\/il-cocktail\/\",\"url\":\"https:\/\/hugospritz.it\/de\/il-cocktail\/\",\"name\":\"Il cocktail - hugo-spritz\",\"isPartOf\":{\"@id\":\"https:\/\/hugospritz.it\/it\/#website\"},\"datePublished\":\"2016-08-29T15:17:45+00:00\",\"dateModified\":\"2021-11-02T09:55:01+00:00\",\"breadcrumb\":{\"@id\":\"https:\/\/hugospritz.it\/de\/il-cocktail\/#breadcrumb\"},\"inLanguage\":\"de\",\"potentialAction\":[{\"@type\":\"ReadAction\",\"target\":[\"https:\/\/hugospritz.it\/de\/il-cocktail\/\"]}]},{\"@type\":\"BreadcrumbList\",\"@id\":\"https:\/\/hugospritz.it\/de\/il-cocktail\/#breadcrumb\",\"itemListElement\":[{\"@type\":\"ListItem\",\"position\":1,\"name\":\"Home\",\"item\":\"https:\/\/hugospritz.it\/de\/\"},{\"@type\":\"ListItem\",\"position\":2,\"name\":\"Il cocktail\"}]},{\"@type\":\"WebSite\",\"@id\":\"https:\/\/hugospritz.it\/it\/#website\",\"url\":\"https:\/\/hugospritz.it\/it\/\",\"name\":\"hugo-spritz\",\"description\":\"My WordPress Blog\",\"potentialAction\":[{\"@type\":\"SearchAction\",\"target\":{\"@type\":\"EntryPoint\",\"urlTemplate\":\"https:\/\/hugospritz.it\/it\/?s={search_term_string}\"},\"query-input\":\"required name=search_term_string\"}],\"inLanguage\":\"de\"}]}<\/script>\n<!-- \/ Yoast SEO plugin. -->","yoast_head_json":{"title":"Il cocktail - hugo-spritz","robots":{"index":"index","follow":"follow","max-snippet":"max-snippet:-1","max-image-preview":"max-image-preview:large","max-video-preview":"max-video-preview:-1"},"canonical":"https:\/\/hugospritz.it\/de\/il-cocktail\/","og_locale":"de_DE","og_type":"article","og_title":"Il cocktail - hugo-spritz","og_url":"https:\/\/hugospritz.it\/de\/il-cocktail\/","og_site_name":"hugo-spritz","article_modified_time":"2021-11-02T09:55:01+00:00","twitter_card":"summary_large_image","twitter_misc":{"Gesch\u00e4tzte Lesezeit":"1\u00a0Minute"},"schema":{"@context":"https:\/\/schema.org","@graph":[{"@type":"WebPage","@id":"https:\/\/hugospritz.it\/de\/il-cocktail\/","url":"https:\/\/hugospritz.it\/de\/il-cocktail\/","name":"Il cocktail - hugo-spritz","isPartOf":{"@id":"https:\/\/hugospritz.it\/it\/#website"},"datePublished":"2016-08-29T15:17:45+00:00","dateModified":"2021-11-02T09:55:01+00:00","breadcrumb":{"@id":"https:\/\/hugospritz.it\/de\/il-cocktail\/#breadcrumb"},"inLanguage":"de","potentialAction":[{"@type":"ReadAction","target":["https:\/\/hugospritz.it\/de\/il-cocktail\/"]}]},{"@type":"BreadcrumbList","@id":"https:\/\/hugospritz.it\/de\/il-cocktail\/#breadcrumb","itemListElement":[{"@type":"ListItem","position":1,"name":"Home","item":"https:\/\/hugospritz.it\/de\/"},{"@type":"ListItem","position":2,"name":"Il cocktail"}]},{"@type":"WebSite","@id":"https:\/\/hugospritz.it\/it\/#website","url":"https:\/\/hugospritz.it\/it\/","name":"hugo-spritz","description":"My WordPress Blog","potentialAction":[{"@type":"SearchAction","target":{"@type":"EntryPoint","urlTemplate":"https:\/\/hugospritz.it\/it\/?s={search_term_string}"},"query-input":"required name=search_term_string"}],"inLanguage":"de"}]}},"_links":{"self":[{"href":"https:\/\/hugospritz.it\/de\/wp-json\/wp\/v2\/pages\/5143"}],"collection":[{"href":"https:\/\/hugospritz.it\/de\/wp-json\/wp\/v2\/pages"}],"about":[{"href":"https:\/\/hugospritz.it\/de\/wp-json\/wp\/v2\/types\/page"}],"author":[{"embeddable":true,"href":"https:\/\/hugospritz.it\/de\/wp-json\/wp\/v2\/users\/2"}],"replies":[{"embeddable":true,"href":"https:\/\/hugospritz.it\/de\/wp-json\/wp\/v2\/comments?post=5143"}],"version-history":[{"count":5,"href":"https:\/\/hugospritz.it\/de\/wp-json\/wp\/v2\/pages\/5143\/revisions"}],"predecessor-version":[{"id":6057,"href":"https:\/\/hugospritz.it\/de\/wp-json\/wp\/v2\/pages\/5143\/revisions\/6057"}],"wp:attachment":[{"href":"https:\/\/hugospritz.it\/de\/wp-json\/wp\/v2\/media?parent=5143"}],"curies":[{"name":"wp","href":"https:\/\/api.w.org\/{rel}","templated":true}]}}