{"id":5168,"date":"2013-05-31T08:44:43","date_gmt":"2013-05-31T08:44:43","guid":{"rendered":"http:\/\/hugospritz.it\/sample-page-2\/?lang=de"},"modified":"2025-03-26T13:56:09","modified_gmt":"2025-03-26T13:56:09","slug":"hugo-spritz","status":"publish","type":"page","link":"https:\/\/hugospritz.it\/de\/","title":{"rendered":"Hugo Spritz"},"content":{"rendered":"<section class=\"l-section wpb_row height_full width_full\"><div class=\"l-section-h i-cf\"><div class=\"g-cols offset_small\"><div class=\" full-width\"><\/div><\/div><\/div><\/section><!-- Row Backgrounds --><div class=\"upb_bg_img\" data-ultimate-bg=\"url(https:\/\/hugospritz.it\/wp-content\/uploads\/2021\/11\/hugo-spritz-04.jpg)\" data-image-id=\"id^6006|url^https:\/\/hugospritz.it\/wp-content\/uploads\/2021\/11\/hugo-spritz-04.jpg|caption^null|alt^null|title^hugo-spritz-04|description^null\" data-ultimate-bg-style=\"vcpb-default\" data-bg-img-repeat=\"no-repeat\" data-bg-img-size=\"cover\" data-bg-img-position=\"\" data-parallx_sense=\"30\" data-bg-override=\"full\" data-bg_img_attach=\"scroll\" data-upb-overlay-color=\"\" data-upb-bg-animation=\"\" data-fadeout=\"\" data-bg-animation=\"left-animation\" data-bg-animation-type=\"h\" data-animation-repeat=\"repeat\" data-fadeout-percentage=\"30\" data-parallax-content=\"\" data-parallax-content-sense=\"30\" data-row-effect-mobile-disable=\"true\" data-img-parallax-mobile-disable=\"true\" data-rtl=\"false\"  data-custom-vc-row=\"\"  data-vc=\"4.11.2.1\"  data-is_old_vc=\"\"  data-theme-support=\"\"   data-overlay=\"false\" data-overlay-color=\"\" data-overlay-pattern=\"\" data-overlay-pattern-opacity=\"\" data-overlay-pattern-size=\"\"    ><\/div><section class=\"l-section wpb_row height_medium\"><div class=\"l-section-h i-cf\"><div class=\"g-cols offset_small\"><div class=\" two-thirds\"><div class=\"wpb_text_column \"><div class=\"wpb_wrapper\">\n<h1><span style=\"color: #67c631;\">Hugo Spritz<\/span><\/h1>\n<p>Hugo Spritz: ein Sprung in die Vergangenheit und in den Raum&#8230;<br \/>\nDie Geschichte f\u00e4ngt am Anfang des 20. Jahrhunderts an, als die Einwohner der Dolomiten in Mai und Juni begannen, die kleinen Holunderblumen f\u00fcr die Vorbereitung des k\u00f6stlichen Sirups zu pfl\u00fccken. Nichts wurde dem Zufall \u00fcberlassen: auch die Zeit spielte eine wesentliche Rolle. Weder fr\u00fch am Morgen, wenn die duftenden kleinen Blumen noch zu geschlossen waren, noch am sp\u00e4ten Nachmittag, wenn sie den ganzen Tag sonnendurchflutet wurden. Holunderblumen, Wasser, Zitronen und Zucker sind die g\u00f6ttlichen Zutaten dieses k\u00f6stlichen Nektars, der dank seiner durststillenden und kr\u00e4ftigen Wirkung f\u00fcr alle Alter geeignet ist. Nat\u00fcrliche Zutaten, die in echten und unber\u00fchrten Gebieten gewachsen sind, zusammen mit einer sorgf\u00e4ltigen Vorbereitung und einer langen Ruhezeit: das ist das Geheimnis von Hugo Spritz.<br \/>\nNach der Tradition unserer Ahnen wird dann der Sirup mit Wasser f\u00fcr Kinder und mit Wein f\u00fcr die anderen verd\u00fcnnen.<br \/>\nJahren und Jahrzehnte sind vergangen, aber Hugo geht nicht \u00fcber&#8230;und Tradition trifft Modernit\u00e4t.<br \/>\nDie Gesellschaft und das Leben haben sich entwickelt und die Zeiten haben sich deutlich ge\u00e4ndert, aber die Aufmerksamkeit f\u00fcr die Qualit\u00e4t der Zutaten bleibt eine Konstante. Hugo wird daher Hugo Spritz, ein Drink pr\u00eat-\u00e0-porter, dem nur Eisw\u00fcrfel, Pfefferminzbl\u00e4tter und eventuell Apfelst\u00fccken je nach Belieben fehlen: Freude und Genuss sind jetzt aufgetragen.<br \/>\nSpritzig, k\u00fchl, jung: das ist HUGO SPRITZ, der modischsten Drink des Augenblicks!<\/p>\n<\/div> <\/div> <\/div><div class=\" one-third\"><div class=\"w-image  animate_afr d4\"><img width=\"338\" height=\"545\" src=\"https:\/\/hugospritz.it\/wp-content\/uploads\/2013\/05\/botella-y-copa2.png\" class=\"attachment-large size-large\" alt=\"\" decoding=\"async\" loading=\"lazy\" srcset=\"https:\/\/hugospritz.it\/wp-content\/uploads\/2013\/05\/botella-y-copa2.png 338w, https:\/\/hugospritz.it\/wp-content\/uploads\/2013\/05\/botella-y-copa2-186x300.png 186w\" sizes=\"(max-width: 338px) 100vw, 338px\" \/><\/div><\/div><\/div><\/div><\/section><section class=\"l-section wpb_row height_huge color_alternate with_overlay\" id=\"first\"><div class=\"l-section-overlay\" style=\"background-color: rgba(0,0,0,0.41)\"><\/div><div class=\"l-section-h i-cf\"><div class=\"g-cols offset_small\"><div class=\" full-width\"><div class=\"wpb_text_column \"><div class=\"wpb_wrapper\">\n<h1 style=\"text-align: center;\"><span style=\"color: #ffffff;\"><strong>Hugo Drink<\/strong><\/span><\/h1>\n<\/div> <\/div> <div class=\"w-separator type_default size_medium thick_1 style_solid color_custom cont_icon\" style=\"border-color: #ffffff; color: #ffffff;\"><span class=\"w-separator-h\"><i class=\"fa fa-glass\"><\/i><\/span><\/div><div class=\"wpb_text_column  vc_custom_1474987656420\"><div class=\"wpb_wrapper\">\n<h6 style=\"text-align: center;\"><span style=\"color: #ffffff;\">Das perfekte Rezept? Misch Hugo Spritz Van Sering und gie\u00df ihn wenn er noch k\u00fchl ist. F\u00fcg 4 Eisw\u00fcrfel und einige Pfefferminzbl\u00e4tter hinzu. Nach Belieben und nach Geschmack gib dem Cocktail den letzten Schliff mit einem Apfelgr\u00fcnstuck und der modischste Drink des Augenblicks ist schon fertig! Lass dir erobern!<\/span><\/h6>\n<\/div> <\/div> <\/div><\/div><\/div><\/section><!-- Row Backgrounds --><div class=\"upb_bg_img\" data-ultimate-bg=\"url(https:\/\/hugospritz.it\/wp-content\/uploads\/2013\/05\/13406724_1107827579264080_1501257977628380549_n.jpg)\" data-image-id=\"id^4956|url^http:\/\/hugospritz.it\/wp-content\/uploads\/2013\/05\/13406724_1107827579264080_1501257977628380549_n.jpg|caption^null|alt^null|title^13406724_1107827579264080_1501257977628380549_n|description^null\" data-ultimate-bg-style=\"vcpb-vz-jquery\" data-bg-img-repeat=\"no-repeat\" data-bg-img-size=\"cover\" data-bg-img-position=\"\" data-parallx_sense=\"30\" data-bg-override=\"0\" data-bg_img_attach=\"scroll\" data-upb-overlay-color=\"\" data-upb-bg-animation=\"\" data-fadeout=\"\" data-bg-animation=\"left-animation\" data-bg-animation-type=\"h\" data-animation-repeat=\"repeat\" data-fadeout-percentage=\"30\" data-parallax-content=\"\" data-parallax-content-sense=\"30\" data-row-effect-mobile-disable=\"true\" data-img-parallax-mobile-disable=\"true\" data-rtl=\"false\"  data-custom-vc-row=\"\"  data-vc=\"4.11.2.1\"  data-is_old_vc=\"\"  data-theme-support=\"\"   data-overlay=\"false\" data-overlay-color=\"\" data-overlay-pattern=\"\" data-overlay-pattern-opacity=\"\" data-overlay-pattern-size=\"\"    ><\/div><section class=\"l-section wpb_row height_medium\"><div class=\"l-section-h i-cf\"><div class=\"g-cols offset_small\"><div class=\" one-third\"><div class=\"w-image  align_left animate_afl\"><img width=\"306\" height=\"338\" src=\"https:\/\/hugospritz.it\/wp-content\/uploads\/2013\/05\/cartone.png\" class=\"attachment-large size-large\" alt=\"\" decoding=\"async\" loading=\"lazy\" srcset=\"https:\/\/hugospritz.it\/wp-content\/uploads\/2013\/05\/cartone.png 306w, https:\/\/hugospritz.it\/wp-content\/uploads\/2013\/05\/cartone-272x300.png 272w\" sizes=\"(max-width: 306px) 100vw, 306px\" \/><\/div><\/div><div class=\" two-thirds\"><div class=\"wpb_text_column \"><div class=\"wpb_wrapper\">\n<h1 style=\"text-align: right;\"><span style=\"color: #67c631;\">Online Shop<\/span><\/h1>\n<p style=\"text-align: right;\">Bist du auf der Suche nach Hugo Spritz Van Sering? Schreib uns eine E-Mail und f\u00fcr nur 9,10\/je Flasche kannst du Hugo direkt zu Hause bekommen&#8230; Ein wundersch\u00f6ner Karton mit 6 Flaschen ist schon bereit und wartet auf deinen Klick. Bist du auch bereit f\u00fcr eine Hugo Spritz Party?<\/p>\n<\/div> <\/div> <div class=\"w-separator type_default size_small thick_1 style_solid color_border cont_none\"><span class=\"w-separator-h\"><\/span><\/div><div class=\" ubtn-ctn-right \"><a class=\"ubtn-link ult-adjust-bottom-margin ubtn-right ubtn-normal \" href = \"http:\/\/hugospritz.it\/de\/online-shop\" target='' ><button type=\"button\" id=\"ubtn-9809\" class=\"ubtn ult-adjust-bottom-margin ult-responsive ubtn-normal ubtn-no-hover-bg  none  ubtn-sep-icon ubtn-sep-icon-top-push  ubtn-right   tooltip-69d8283c949cb\"  data-hover=\"#67c631\" data-border-color=\"\" data-bg=\"#67c631\" data-hover-bg=\"\" data-border-hover=\"\" data-shadow-hover=\"\" data-shadow-click=\"none\" data-shadow=\"\" data-shd-shadow=\"\"  data-ultimate-target='#ubtn-9809'  data-responsive-json-new='{\"font-size\":\"\",\"line-height\":\"\"}'  style=\"font-weight:normal;border:none;background: #67c631;color: #ffffff;\"><span class=\"ubtn-data ubtn-icon\"><i class=\"Defaults-shopping-cart\" style=\"font-size:25px;color:#ffffff;\"><\/i><\/span><span class=\"ubtn-hover\" style=\"background-color:\"><\/span><span class=\"ubtn-data ubtn-text \" >Kaufe jetzt<\/span><\/button><\/a><\/div><\/div><\/div><\/div><\/section><section class=\"l-section wpb_row height_auto width_full\"><div class=\"l-section-h i-cf\"><div class=\"g-cols offset_small\"><div class=\" full-width\"><div class=\"w-image  align_center animate_fade d1\"><img width=\"1024\" height=\"512\" src=\"https:\/\/hugospritz.it\/wp-content\/uploads\/2013\/05\/bm2-1024x512.png\" class=\"attachment-large size-large\" alt=\"\" decoding=\"async\" loading=\"lazy\" srcset=\"https:\/\/hugospritz.it\/wp-content\/uploads\/2013\/05\/bm2-1024x512.png 1024w, https:\/\/hugospritz.it\/wp-content\/uploads\/2013\/05\/bm2-300x150.png 300w, https:\/\/hugospritz.it\/wp-content\/uploads\/2013\/05\/bm2-768x384.png 768w, https:\/\/hugospritz.it\/wp-content\/uploads\/2013\/05\/bm2-600x300.png 600w, https:\/\/hugospritz.it\/wp-content\/uploads\/2013\/05\/bm2.png 1200w\" sizes=\"(max-width: 1024px) 100vw, 1024px\" \/><\/div><\/div><\/div><\/div><\/section><!-- Row Backgrounds --><div class=\"upb_bg_img\" data-ultimate-bg=\"url(https:\/\/hugospritz.it\/wp-content\/uploads\/2013\/05\/hojas-3.png)\" data-image-id=\"id^4994|url^http:\/\/hugospritz.it\/wp-content\/uploads\/2013\/05\/hojas-3.png|caption^null|alt^null|title^hojas-3|description^null\" data-ultimate-bg-style=\"vcpb-vz-jquery\" data-bg-img-repeat=\"no-repeat\" data-bg-img-size=\"contain\" data-bg-img-position=\"\" data-parallx_sense=\"30\" data-bg-override=\"0\" data-bg_img_attach=\"scroll\" data-upb-overlay-color=\"\" data-upb-bg-animation=\"\" data-fadeout=\"\" data-bg-animation=\"left-animation\" data-bg-animation-type=\"h\" data-animation-repeat=\"repeat\" data-fadeout-percentage=\"30\" data-parallax-content=\"\" data-parallax-content-sense=\"30\" data-row-effect-mobile-disable=\"true\" data-img-parallax-mobile-disable=\"true\" data-rtl=\"false\"  data-custom-vc-row=\"\"  data-vc=\"4.11.2.1\"  data-is_old_vc=\"\"  data-theme-support=\"\"   data-overlay=\"false\" data-overlay-color=\"\" data-overlay-pattern=\"\" data-overlay-pattern-opacity=\"\" data-overlay-pattern-size=\"\"    ><\/div><section class=\"l-section wpb_row height_medium\"><div class=\"l-section-h i-cf\"><div class=\"g-cols offset_small\"><div class=\" full-width\"><div class=\"w-sharing type_fixed align_right color_default\"><a class=\"w-sharing-item email\" title=\"Email this\" href=\"javascript:void(0)\" data-sharing-url=\"https:\/\/hugospritz.it\/de\/wp-json\/wp\/v2\/pages\/5168\" data-sharing-image=\"\"><span class=\"w-sharing-icon\"><\/span><\/a><a class=\"w-sharing-item facebook\" title=\"Teile dies\" href=\"javascript:void(0)\" data-sharing-url=\"https:\/\/hugospritz.it\/de\/wp-json\/wp\/v2\/pages\/5168\" data-sharing-image=\"\"><span class=\"w-sharing-icon\"><\/span><\/a><a class=\"w-sharing-item twitter\" title=\"Tweete das\" href=\"javascript:void(0)\" data-sharing-url=\"https:\/\/hugospritz.it\/de\/wp-json\/wp\/v2\/pages\/5168\" data-sharing-image=\"\"><span class=\"w-sharing-icon\"><\/span><\/a><a class=\"w-sharing-item gplus\" title=\"Teile dies\" href=\"javascript:void(0)\" data-sharing-url=\"https:\/\/hugospritz.it\/de\/wp-json\/wp\/v2\/pages\/5168\" data-sharing-image=\"\"><span class=\"w-sharing-icon\"><\/span><\/a><a class=\"w-sharing-item linkedin\" title=\"Teile dies\" href=\"javascript:void(0)\" data-sharing-url=\"https:\/\/hugospritz.it\/de\/wp-json\/wp\/v2\/pages\/5168\" data-sharing-image=\"\"><span class=\"w-sharing-icon\"><\/span><\/a><a class=\"w-sharing-item pinterest\" title=\"Pin das\" href=\"javascript:void(0)\" data-sharing-url=\"https:\/\/hugospritz.it\/de\/wp-json\/wp\/v2\/pages\/5168\" data-sharing-image=\"\"><span class=\"w-sharing-icon\"><\/span><\/a><\/div><\/div><\/div><\/div><\/section>\n","protected":false},"excerpt":{"rendered":"Hugo Spritz Hugo Spritz: ein Sprung in die Vergangenheit und in den Raum... Die Geschichte f\u00e4ngt am Anfang des 20. Jahrhunderts an, als die Einwohner der Dolomiten in Mai und...","protected":false},"author":2,"featured_media":0,"parent":0,"menu_order":0,"comment_status":"closed","ping_status":"closed","template":"","meta":[],"yoast_head":"<!-- This site is optimized with the Yoast SEO plugin v21.0 - https:\/\/yoast.com\/wordpress\/plugins\/seo\/ -->\n<title>Hugo Spritz - der Cocktail zu Elder Geschmack - der modischsten Drink<\/title>\n<meta name=\"description\" content=\"Hugo Spritz, ein Drink pr\u00eat-\u00e0-porter, dem nur Eisw\u00fcrfel, Pfefferminzbl\u00e4tter und eventuell Apfelst\u00fccken je nach Belieben fehlen ..\" \/>\n<meta name=\"robots\" content=\"index, follow, max-snippet:-1, max-image-preview:large, max-video-preview:-1\" \/>\n<link rel=\"canonical\" href=\"https:\/\/hugospritz.it\/de\/\" \/>\n<meta property=\"og:locale\" content=\"de_DE\" \/>\n<meta property=\"og:type\" content=\"article\" \/>\n<meta property=\"og:title\" content=\"Hugo Spritz - der Cocktail zu Elder Geschmack - der modischsten Drink\" \/>\n<meta property=\"og:description\" content=\"Hugo Spritz, ein Drink pr\u00eat-\u00e0-porter, dem nur Eisw\u00fcrfel, Pfefferminzbl\u00e4tter und eventuell Apfelst\u00fccken je nach Belieben fehlen ..\" \/>\n<meta property=\"og:url\" content=\"https:\/\/hugospritz.it\/de\/\" \/>\n<meta property=\"og:site_name\" content=\"hugo-spritz\" \/>\n<meta property=\"article:modified_time\" content=\"2025-03-26T13:56:09+00:00\" \/>\n<meta name=\"twitter:card\" content=\"summary_large_image\" \/>\n<meta name=\"twitter:label1\" content=\"Gesch\u00e4tzte Lesezeit\" \/>\n\t<meta name=\"twitter:data1\" content=\"3\u00a0Minuten\" \/>\n<script type=\"application\/ld+json\" class=\"yoast-schema-graph\">{\"@context\":\"https:\/\/schema.org\",\"@graph\":[{\"@type\":\"WebPage\",\"@id\":\"https:\/\/hugospritz.it\/de\/\",\"url\":\"https:\/\/hugospritz.it\/de\/\",\"name\":\"Hugo Spritz - der Cocktail zu Elder Geschmack - der modischsten Drink\",\"isPartOf\":{\"@id\":\"https:\/\/hugospritz.it\/it\/#website\"},\"datePublished\":\"2013-05-31T08:44:43+00:00\",\"dateModified\":\"2025-03-26T13:56:09+00:00\",\"description\":\"Hugo Spritz, ein Drink pr\u00eat-\u00e0-porter, dem nur Eisw\u00fcrfel, Pfefferminzbl\u00e4tter und eventuell Apfelst\u00fccken je nach Belieben fehlen ..\",\"breadcrumb\":{\"@id\":\"https:\/\/hugospritz.it\/de\/#breadcrumb\"},\"inLanguage\":\"de\",\"potentialAction\":[{\"@type\":\"ReadAction\",\"target\":[\"https:\/\/hugospritz.it\/de\/\"]}]},{\"@type\":\"BreadcrumbList\",\"@id\":\"https:\/\/hugospritz.it\/de\/#breadcrumb\",\"itemListElement\":[{\"@type\":\"ListItem\",\"position\":1,\"name\":\"Home\",\"item\":\"https:\/\/hugospritz.it\/de\/\"},{\"@type\":\"ListItem\",\"position\":2,\"name\":\"Hugo Spritz\"}]},{\"@type\":\"WebSite\",\"@id\":\"https:\/\/hugospritz.it\/it\/#website\",\"url\":\"https:\/\/hugospritz.it\/it\/\",\"name\":\"hugo-spritz\",\"description\":\"My WordPress Blog\",\"potentialAction\":[{\"@type\":\"SearchAction\",\"target\":{\"@type\":\"EntryPoint\",\"urlTemplate\":\"https:\/\/hugospritz.it\/it\/?s={search_term_string}\"},\"query-input\":\"required name=search_term_string\"}],\"inLanguage\":\"de\"}]}<\/script>\n<!-- \/ Yoast SEO plugin. -->","yoast_head_json":{"title":"Hugo Spritz - der Cocktail zu Elder Geschmack - der modischsten Drink","description":"Hugo Spritz, ein Drink pr\u00eat-\u00e0-porter, dem nur Eisw\u00fcrfel, Pfefferminzbl\u00e4tter und eventuell Apfelst\u00fccken je nach Belieben fehlen ..","robots":{"index":"index","follow":"follow","max-snippet":"max-snippet:-1","max-image-preview":"max-image-preview:large","max-video-preview":"max-video-preview:-1"},"canonical":"https:\/\/hugospritz.it\/de\/","og_locale":"de_DE","og_type":"article","og_title":"Hugo Spritz - der Cocktail zu Elder Geschmack - der modischsten Drink","og_description":"Hugo Spritz, ein Drink pr\u00eat-\u00e0-porter, dem nur Eisw\u00fcrfel, Pfefferminzbl\u00e4tter und eventuell Apfelst\u00fccken je nach Belieben fehlen ..","og_url":"https:\/\/hugospritz.it\/de\/","og_site_name":"hugo-spritz","article_modified_time":"2025-03-26T13:56:09+00:00","twitter_card":"summary_large_image","twitter_misc":{"Gesch\u00e4tzte Lesezeit":"3\u00a0Minuten"},"schema":{"@context":"https:\/\/schema.org","@graph":[{"@type":"WebPage","@id":"https:\/\/hugospritz.it\/de\/","url":"https:\/\/hugospritz.it\/de\/","name":"Hugo Spritz - der Cocktail zu Elder Geschmack - der modischsten Drink","isPartOf":{"@id":"https:\/\/hugospritz.it\/it\/#website"},"datePublished":"2013-05-31T08:44:43+00:00","dateModified":"2025-03-26T13:56:09+00:00","description":"Hugo Spritz, ein Drink pr\u00eat-\u00e0-porter, dem nur Eisw\u00fcrfel, Pfefferminzbl\u00e4tter und eventuell Apfelst\u00fccken je nach Belieben fehlen ..","breadcrumb":{"@id":"https:\/\/hugospritz.it\/de\/#breadcrumb"},"inLanguage":"de","potentialAction":[{"@type":"ReadAction","target":["https:\/\/hugospritz.it\/de\/"]}]},{"@type":"BreadcrumbList","@id":"https:\/\/hugospritz.it\/de\/#breadcrumb","itemListElement":[{"@type":"ListItem","position":1,"name":"Home","item":"https:\/\/hugospritz.it\/de\/"},{"@type":"ListItem","position":2,"name":"Hugo Spritz"}]},{"@type":"WebSite","@id":"https:\/\/hugospritz.it\/it\/#website","url":"https:\/\/hugospritz.it\/it\/","name":"hugo-spritz","description":"My WordPress Blog","potentialAction":[{"@type":"SearchAction","target":{"@type":"EntryPoint","urlTemplate":"https:\/\/hugospritz.it\/it\/?s={search_term_string}"},"query-input":"required name=search_term_string"}],"inLanguage":"de"}]}},"_links":{"self":[{"href":"https:\/\/hugospritz.it\/de\/wp-json\/wp\/v2\/pages\/5168"}],"collection":[{"href":"https:\/\/hugospritz.it\/de\/wp-json\/wp\/v2\/pages"}],"about":[{"href":"https:\/\/hugospritz.it\/de\/wp-json\/wp\/v2\/types\/page"}],"author":[{"embeddable":true,"href":"https:\/\/hugospritz.it\/de\/wp-json\/wp\/v2\/users\/2"}],"replies":[{"embeddable":true,"href":"https:\/\/hugospritz.it\/de\/wp-json\/wp\/v2\/comments?post=5168"}],"version-history":[{"count":13,"href":"https:\/\/hugospritz.it\/de\/wp-json\/wp\/v2\/pages\/5168\/revisions"}],"predecessor-version":[{"id":6361,"href":"https:\/\/hugospritz.it\/de\/wp-json\/wp\/v2\/pages\/5168\/revisions\/6361"}],"wp:attachment":[{"href":"https:\/\/hugospritz.it\/de\/wp-json\/wp\/v2\/media?parent=5168"}],"curies":[{"name":"wp","href":"https:\/\/api.w.org\/{rel}","templated":true}]}}