{"id":5171,"date":"2013-05-31T08:44:43","date_gmt":"2013-05-31T08:44:43","guid":{"rendered":"http:\/\/hugospritz.it\/sample-page-2\/?lang=es"},"modified":"2025-03-26T13:56:58","modified_gmt":"2025-03-26T13:56:58","slug":"hugo-spritz","status":"publish","type":"page","link":"https:\/\/hugospritz.it\/es\/","title":{"rendered":"Hugo Spritz"},"content":{"rendered":"<section class=\"l-section wpb_row height_full width_full\"><div class=\"l-section-h i-cf\"><div class=\"g-cols offset_small\"><div class=\" full-width\"><\/div><\/div><\/div><\/section><!-- Row Backgrounds --><div class=\"upb_bg_img\" data-ultimate-bg=\"url(https:\/\/hugospritz.it\/wp-content\/uploads\/2021\/11\/hugo-spritz-04.jpg)\" data-image-id=\"id^6008|url^https:\/\/hugospritz.it\/wp-content\/uploads\/2021\/11\/hugo-spritz-04.jpg|caption^null|alt^null|title^hugo-spritz-04|description^null\" data-ultimate-bg-style=\"vcpb-default\" data-bg-img-repeat=\"no-repeat\" data-bg-img-size=\"cover\" data-bg-img-position=\"\" data-parallx_sense=\"30\" data-bg-override=\"full\" data-bg_img_attach=\"fixed\" data-upb-overlay-color=\"\" data-upb-bg-animation=\"\" data-fadeout=\"\" data-bg-animation=\"left-animation\" data-bg-animation-type=\"h\" data-animation-repeat=\"repeat\" data-fadeout-percentage=\"30\" data-parallax-content=\"\" data-parallax-content-sense=\"30\" data-row-effect-mobile-disable=\"true\" data-img-parallax-mobile-disable=\"true\" data-rtl=\"false\"  data-custom-vc-row=\"\"  data-vc=\"4.11.2.1\"  data-is_old_vc=\"\"  data-theme-support=\"\"   data-overlay=\"false\" data-overlay-color=\"\" data-overlay-pattern=\"\" data-overlay-pattern-opacity=\"\" data-overlay-pattern-size=\"\"    ><\/div><section class=\"l-section wpb_row height_medium\"><div class=\"l-section-h i-cf\"><div class=\"g-cols offset_small\"><div class=\" two-thirds\"><div class=\"wpb_text_column \"><div class=\"wpb_wrapper\">\n<h1><span style=\"color: #67c631;\">Hugo Spritz<\/span><\/h1>\n<p>Hugo Spritz: un salto en el tiempo y en el espacio\u2026.<br \/>\nEstamos al inicio del 900 cuando en los valles de las Dolomitas nace la costumbre, en los meses de mayo y junio, de recoger las peque\u00f1as y candidas flores de sa\u00faco para m\u00e1s tarde dar vida al hom\u00f3nimo jarabe. Nada es dejado al azar, ni siquiera el horario en el cual estas flores perfumadas se recogen\u2026jam\u00e1s en las primeras horas de la ma\u00f1ana ya que las peque\u00f1as flores a\u00fan est\u00e1n cerradas, ni tampoco demasiado tarde cuando ya fueron besadas demasiado tiempo por el sol. Flores de sa\u00faco\u2026., agua, limones y az\u00facar, son los ingredientes que dan vida a este n\u00e9ctar del sabor delicioso, capaz de obtener una acci\u00f3n refrescante y al mismo tiempo energizante, ideal para acompa\u00f1arnos a todas las edades. Elementos naturales, nacidos y criados en territorios incontaminados, mezclados con atenci\u00f3n y dejados descansar sin prisa. El jarabe, como nos ense\u00f1aron nuestros abuelos, viene despu\u00e9s diluido en el agua para los m\u00e1s peque\u00f1os y en el vino para los adultos. Pasan los a\u00f1os, las decadas, pero Hugo nunca pasa\u2026. y es asi que la tradici\u00f3n encuentra la modernidad. Los tiempos han cambiado, los ritmos de vida tambi\u00e9n, pero nuestro enfoque hacia la calidad de los ingredientes se mantiene sin cambios. Hugo se transforma entonces en Hugo Spritz, una bebida pr\u00eat-\u00e0-porter que espera solo unos cubos de hielo, un par de hojas de menta, si se prefiere una rodaja de manzana verde y est\u00e1 pronto para ser disfrutado. Burbujeante, fresco y j\u00f3ven es HUGO SPRITZ, el aperitivo m\u00e1s cool del momento!<\/p>\n<\/div> <\/div> <\/div><div class=\" one-third\"><div class=\"w-image  animate_afr d4\"><img width=\"338\" height=\"545\" src=\"https:\/\/hugospritz.it\/wp-content\/uploads\/2013\/05\/botella-y-copa2.png\" class=\"attachment-large size-large\" alt=\"\" decoding=\"async\" loading=\"lazy\" srcset=\"https:\/\/hugospritz.it\/wp-content\/uploads\/2013\/05\/botella-y-copa2.png 338w, https:\/\/hugospritz.it\/wp-content\/uploads\/2013\/05\/botella-y-copa2-186x300.png 186w\" sizes=\"(max-width: 338px) 100vw, 338px\" \/><\/div><\/div><\/div><\/div><\/section><section class=\"l-section wpb_row height_huge color_alternate with_overlay\" id=\"first\"><div class=\"l-section-overlay\" style=\"background-color: rgba(0,0,0,0.41)\"><\/div><div class=\"l-section-h i-cf\"><div class=\"g-cols offset_small\"><div class=\" full-width\"><div class=\"wpb_text_column \"><div class=\"wpb_wrapper\">\n<h1 style=\"text-align: center;\"><span style=\"color: #ffffff;\"><strong>Hugo Drink<\/strong><\/span><\/h1>\n<\/div> <\/div> <div class=\"w-separator type_default size_medium thick_1 style_solid color_custom cont_icon\" style=\"border-color: #ffffff; color: #ffffff;\"><span class=\"w-separator-h\"><i class=\"fa fa-glass\"><\/i><\/span><\/div><div class=\"wpb_text_column  vc_custom_1474986204186\"><div class=\"wpb_wrapper\">\n<h6><span style=\"color: #ffffff;\">\u00bfLa receta perfecta ? Agarra Hugo Spritz Van Sering, vi\u00e9rtelo mientras est\u00e9 fr\u00edo, agrega 4 cubos de hielo y un par de hojitas de menta, si prefieres lo completas con una rodaja de Lime (a gusto) y lo spritz m\u00e1s cool del momento est\u00e1 pronto para conquistarte!<\/span><\/h6>\n<\/div> <\/div> <\/div><\/div><\/div><\/section><!-- Row Backgrounds --><div class=\"upb_bg_img\" data-ultimate-bg=\"url(https:\/\/hugospritz.it\/wp-content\/uploads\/2013\/05\/13406724_1107827579264080_1501257977628380549_n.jpg)\" data-image-id=\"id^4956|url^http:\/\/hugospritz.it\/wp-content\/uploads\/2013\/05\/13406724_1107827579264080_1501257977628380549_n.jpg|caption^null|alt^null|title^13406724_1107827579264080_1501257977628380549_n|description^null\" data-ultimate-bg-style=\"vcpb-vz-jquery\" data-bg-img-repeat=\"no-repeat\" data-bg-img-size=\"cover\" data-bg-img-position=\"\" data-parallx_sense=\"30\" data-bg-override=\"0\" data-bg_img_attach=\"scroll\" data-upb-overlay-color=\"\" data-upb-bg-animation=\"\" data-fadeout=\"\" data-bg-animation=\"left-animation\" data-bg-animation-type=\"h\" data-animation-repeat=\"repeat\" data-fadeout-percentage=\"30\" data-parallax-content=\"\" data-parallax-content-sense=\"30\" data-row-effect-mobile-disable=\"true\" data-img-parallax-mobile-disable=\"true\" data-rtl=\"false\"  data-custom-vc-row=\"\"  data-vc=\"4.11.2.1\"  data-is_old_vc=\"\"  data-theme-support=\"\"   data-overlay=\"false\" data-overlay-color=\"\" data-overlay-pattern=\"\" data-overlay-pattern-opacity=\"\" data-overlay-pattern-size=\"\"    ><\/div><section class=\"l-section wpb_row height_medium\"><div class=\"l-section-h i-cf\"><div class=\"g-cols offset_small\"><div class=\" one-third\"><div class=\"w-image  align_left animate_afl\"><img width=\"306\" height=\"338\" src=\"https:\/\/hugospritz.it\/wp-content\/uploads\/2013\/05\/cartone.png\" class=\"attachment-large size-large\" alt=\"\" decoding=\"async\" loading=\"lazy\" srcset=\"https:\/\/hugospritz.it\/wp-content\/uploads\/2013\/05\/cartone.png 306w, https:\/\/hugospritz.it\/wp-content\/uploads\/2013\/05\/cartone-272x300.png 272w\" sizes=\"(max-width: 306px) 100vw, 306px\" \/><\/div><\/div><div class=\" two-thirds\"><div class=\"wpb_text_column \"><div class=\"wpb_wrapper\">\n<h1 style=\"text-align: right;\"><span style=\"color: #67c631;\">Online Shop<\/span><\/h1>\n<p style=\"text-align: right;\">\u00bfBuscas Hugo Spritz Van Sering? Contactanos por email y con euros 9,10\/botella sentir\u00e1s el timbre y llegar\u00e1 directamente a tu hogar&#8230; Una caja esplendida de 6 botellas est\u00e1 pronta para partir, y ustedes, \u00bfest\u00e1n prontos para un Hugo Spritz Party?<\/p>\n<\/div> <\/div> <div class=\"w-separator type_default size_small thick_1 style_solid color_border cont_none\"><span class=\"w-separator-h\"><\/span><\/div><div class=\" ubtn-ctn-right \"><a class=\"ubtn-link ult-adjust-bottom-margin ubtn-right ubtn-normal \" href = \"http:\/\/hugospritz.it\/es\/online-shop\" target='' ><button type=\"button\" id=\"ubtn-8002\" class=\"ubtn ult-adjust-bottom-margin ult-responsive ubtn-normal ubtn-no-hover-bg  none  ubtn-sep-icon ubtn-sep-icon-top-push  ubtn-right   tooltip-69ec8ee148729\"  data-hover=\"#67c631\" data-border-color=\"\" data-bg=\"#67c631\" data-hover-bg=\"\" data-border-hover=\"\" data-shadow-hover=\"\" data-shadow-click=\"none\" data-shadow=\"\" data-shd-shadow=\"\"  data-ultimate-target='#ubtn-8002'  data-responsive-json-new='{\"font-size\":\"\",\"line-height\":\"\"}'  style=\"font-weight:normal;border:none;background: #67c631;color: #ffffff;\"><span class=\"ubtn-data ubtn-icon\"><i class=\"Defaults-shopping-cart\" style=\"font-size:25px;color:#ffffff;\"><\/i><\/span><span class=\"ubtn-hover\" style=\"background-color:\"><\/span><span class=\"ubtn-data ubtn-text \" >Compra Ahora<\/span><\/button><\/a><\/div><\/div><\/div><\/div><\/section><section class=\"l-section wpb_row height_auto width_full\"><div class=\"l-section-h i-cf\"><div class=\"g-cols offset_small\"><div class=\" full-width\"><div class=\"w-image  align_center animate_fade d1\"><img width=\"1024\" height=\"512\" src=\"https:\/\/hugospritz.it\/wp-content\/uploads\/2013\/05\/bm2-1024x512.png\" class=\"attachment-large size-large\" alt=\"\" decoding=\"async\" loading=\"lazy\" srcset=\"https:\/\/hugospritz.it\/wp-content\/uploads\/2013\/05\/bm2-1024x512.png 1024w, https:\/\/hugospritz.it\/wp-content\/uploads\/2013\/05\/bm2-300x150.png 300w, https:\/\/hugospritz.it\/wp-content\/uploads\/2013\/05\/bm2-768x384.png 768w, https:\/\/hugospritz.it\/wp-content\/uploads\/2013\/05\/bm2-600x300.png 600w, https:\/\/hugospritz.it\/wp-content\/uploads\/2013\/05\/bm2.png 1200w\" sizes=\"(max-width: 1024px) 100vw, 1024px\" \/><\/div><\/div><\/div><\/div><\/section><!-- Row Backgrounds --><div class=\"upb_bg_img\" data-ultimate-bg=\"url(https:\/\/hugospritz.it\/wp-content\/uploads\/2013\/05\/hojas-3.png)\" data-image-id=\"id^4994|url^http:\/\/hugospritz.it\/wp-content\/uploads\/2013\/05\/hojas-3.png|caption^null|alt^null|title^hojas-3|description^null\" data-ultimate-bg-style=\"vcpb-vz-jquery\" data-bg-img-repeat=\"no-repeat\" data-bg-img-size=\"contain\" data-bg-img-position=\"\" data-parallx_sense=\"30\" data-bg-override=\"0\" data-bg_img_attach=\"scroll\" data-upb-overlay-color=\"\" data-upb-bg-animation=\"\" data-fadeout=\"\" data-bg-animation=\"left-animation\" data-bg-animation-type=\"h\" data-animation-repeat=\"repeat\" data-fadeout-percentage=\"30\" data-parallax-content=\"\" data-parallax-content-sense=\"30\" data-row-effect-mobile-disable=\"true\" data-img-parallax-mobile-disable=\"true\" data-rtl=\"false\"  data-custom-vc-row=\"\"  data-vc=\"4.11.2.1\"  data-is_old_vc=\"\"  data-theme-support=\"\"   data-overlay=\"false\" data-overlay-color=\"\" data-overlay-pattern=\"\" data-overlay-pattern-opacity=\"\" data-overlay-pattern-size=\"\"    ><\/div><section class=\"l-section wpb_row height_medium\"><div class=\"l-section-h i-cf\"><div class=\"g-cols offset_small\"><div class=\" full-width\"><div class=\"w-sharing type_fixed align_right color_default\"><a class=\"w-sharing-item email\" title=\"Email this\" href=\"javascript:void(0)\" data-sharing-url=\"https:\/\/hugospritz.it\/es\/wp-json\/wp\/v2\/pages\/5171\" data-sharing-image=\"\"><span class=\"w-sharing-icon\"><\/span><\/a><a class=\"w-sharing-item facebook\" title=\"Comparte esto\" href=\"javascript:void(0)\" data-sharing-url=\"https:\/\/hugospritz.it\/es\/wp-json\/wp\/v2\/pages\/5171\" data-sharing-image=\"\"><span class=\"w-sharing-icon\"><\/span><\/a><a class=\"w-sharing-item twitter\" title=\"Twittear\" href=\"javascript:void(0)\" data-sharing-url=\"https:\/\/hugospritz.it\/es\/wp-json\/wp\/v2\/pages\/5171\" data-sharing-image=\"\"><span class=\"w-sharing-icon\"><\/span><\/a><a class=\"w-sharing-item gplus\" title=\"Comparte esto\" href=\"javascript:void(0)\" data-sharing-url=\"https:\/\/hugospritz.it\/es\/wp-json\/wp\/v2\/pages\/5171\" data-sharing-image=\"\"><span class=\"w-sharing-icon\"><\/span><\/a><a class=\"w-sharing-item linkedin\" title=\"Comparte esto\" href=\"javascript:void(0)\" data-sharing-url=\"https:\/\/hugospritz.it\/es\/wp-json\/wp\/v2\/pages\/5171\" data-sharing-image=\"\"><span class=\"w-sharing-icon\"><\/span><\/a><a class=\"w-sharing-item pinterest\" title=\"Pin\u00e9alo\" href=\"javascript:void(0)\" data-sharing-url=\"https:\/\/hugospritz.it\/es\/wp-json\/wp\/v2\/pages\/5171\" data-sharing-image=\"\"><span class=\"w-sharing-icon\"><\/span><\/a><\/div><\/div><\/div><\/div><\/section>\n","protected":false},"excerpt":{"rendered":"Hugo Spritz Hugo Spritz: un salto en el tiempo y en el espacio\u2026. Estamos al inicio del 900 cuando en los valles de las Dolomitas nace la costumbre, en los...","protected":false},"author":2,"featured_media":0,"parent":0,"menu_order":0,"comment_status":"closed","ping_status":"closed","template":"","meta":[],"yoast_head":"<!-- This site is optimized with the Yoast SEO plugin v21.0 - https:\/\/yoast.com\/wordpress\/plugins\/seo\/ -->\n<title>HUGO SPRITZ, el aperitivo m\u00e1s cool del momento<\/title>\n<meta name=\"description\" content=\"Hugo Spritz, una bebida pr\u00eat-\u00e0-porter que espera solo unos cubos de hielo, un par de hojas de menta, si se prefiere una rodaja de manzana verde y est\u00e1 pronto para ser disfrutado\" \/>\n<meta name=\"robots\" content=\"index, follow, max-snippet:-1, max-image-preview:large, max-video-preview:-1\" \/>\n<link rel=\"canonical\" href=\"https:\/\/hugospritz.it\/es\/\" \/>\n<meta property=\"og:locale\" content=\"es_ES\" \/>\n<meta property=\"og:type\" content=\"article\" \/>\n<meta property=\"og:title\" content=\"HUGO SPRITZ, el aperitivo m\u00e1s cool del momento\" \/>\n<meta property=\"og:description\" content=\"Hugo Spritz, una bebida pr\u00eat-\u00e0-porter que espera solo unos cubos de hielo, un par de hojas de menta, si se prefiere una rodaja de manzana verde y est\u00e1 pronto para ser disfrutado\" \/>\n<meta property=\"og:url\" content=\"https:\/\/hugospritz.it\/es\/\" \/>\n<meta property=\"og:site_name\" content=\"hugo-spritz\" \/>\n<meta property=\"article:modified_time\" content=\"2025-03-26T13:56:58+00:00\" \/>\n<meta name=\"twitter:card\" content=\"summary_large_image\" \/>\n<meta name=\"twitter:label1\" content=\"Tiempo de lectura\" \/>\n\t<meta name=\"twitter:data1\" content=\"3 minutos\" \/>\n<script type=\"application\/ld+json\" class=\"yoast-schema-graph\">{\"@context\":\"https:\/\/schema.org\",\"@graph\":[{\"@type\":\"WebPage\",\"@id\":\"https:\/\/hugospritz.it\/es\/\",\"url\":\"https:\/\/hugospritz.it\/es\/\",\"name\":\"HUGO SPRITZ, el aperitivo m\u00e1s cool del momento\",\"isPartOf\":{\"@id\":\"https:\/\/hugospritz.it\/it\/#website\"},\"datePublished\":\"2013-05-31T08:44:43+00:00\",\"dateModified\":\"2025-03-26T13:56:58+00:00\",\"description\":\"Hugo Spritz, una bebida pr\u00eat-\u00e0-porter que espera solo unos cubos de hielo, un par de hojas de menta, si se prefiere una rodaja de manzana verde y est\u00e1 pronto para ser disfrutado\",\"breadcrumb\":{\"@id\":\"https:\/\/hugospritz.it\/es\/#breadcrumb\"},\"inLanguage\":\"es\",\"potentialAction\":[{\"@type\":\"ReadAction\",\"target\":[\"https:\/\/hugospritz.it\/es\/\"]}]},{\"@type\":\"BreadcrumbList\",\"@id\":\"https:\/\/hugospritz.it\/es\/#breadcrumb\",\"itemListElement\":[{\"@type\":\"ListItem\",\"position\":1,\"name\":\"Home\",\"item\":\"https:\/\/hugospritz.it\/es\/\"},{\"@type\":\"ListItem\",\"position\":2,\"name\":\"Hugo Spritz\"}]},{\"@type\":\"WebSite\",\"@id\":\"https:\/\/hugospritz.it\/it\/#website\",\"url\":\"https:\/\/hugospritz.it\/it\/\",\"name\":\"hugo-spritz\",\"description\":\"My WordPress Blog\",\"potentialAction\":[{\"@type\":\"SearchAction\",\"target\":{\"@type\":\"EntryPoint\",\"urlTemplate\":\"https:\/\/hugospritz.it\/it\/?s={search_term_string}\"},\"query-input\":\"required name=search_term_string\"}],\"inLanguage\":\"es\"}]}<\/script>\n<!-- \/ Yoast SEO plugin. -->","yoast_head_json":{"title":"HUGO SPRITZ, el aperitivo m\u00e1s cool del momento","description":"Hugo Spritz, una bebida pr\u00eat-\u00e0-porter que espera solo unos cubos de hielo, un par de hojas de menta, si se prefiere una rodaja de manzana verde y est\u00e1 pronto para ser disfrutado","robots":{"index":"index","follow":"follow","max-snippet":"max-snippet:-1","max-image-preview":"max-image-preview:large","max-video-preview":"max-video-preview:-1"},"canonical":"https:\/\/hugospritz.it\/es\/","og_locale":"es_ES","og_type":"article","og_title":"HUGO SPRITZ, el aperitivo m\u00e1s cool del momento","og_description":"Hugo Spritz, una bebida pr\u00eat-\u00e0-porter que espera solo unos cubos de hielo, un par de hojas de menta, si se prefiere una rodaja de manzana verde y est\u00e1 pronto para ser disfrutado","og_url":"https:\/\/hugospritz.it\/es\/","og_site_name":"hugo-spritz","article_modified_time":"2025-03-26T13:56:58+00:00","twitter_card":"summary_large_image","twitter_misc":{"Tiempo de lectura":"3 minutos"},"schema":{"@context":"https:\/\/schema.org","@graph":[{"@type":"WebPage","@id":"https:\/\/hugospritz.it\/es\/","url":"https:\/\/hugospritz.it\/es\/","name":"HUGO SPRITZ, el aperitivo m\u00e1s cool del momento","isPartOf":{"@id":"https:\/\/hugospritz.it\/it\/#website"},"datePublished":"2013-05-31T08:44:43+00:00","dateModified":"2025-03-26T13:56:58+00:00","description":"Hugo Spritz, una bebida pr\u00eat-\u00e0-porter que espera solo unos cubos de hielo, un par de hojas de menta, si se prefiere una rodaja de manzana verde y est\u00e1 pronto para ser disfrutado","breadcrumb":{"@id":"https:\/\/hugospritz.it\/es\/#breadcrumb"},"inLanguage":"es","potentialAction":[{"@type":"ReadAction","target":["https:\/\/hugospritz.it\/es\/"]}]},{"@type":"BreadcrumbList","@id":"https:\/\/hugospritz.it\/es\/#breadcrumb","itemListElement":[{"@type":"ListItem","position":1,"name":"Home","item":"https:\/\/hugospritz.it\/es\/"},{"@type":"ListItem","position":2,"name":"Hugo Spritz"}]},{"@type":"WebSite","@id":"https:\/\/hugospritz.it\/it\/#website","url":"https:\/\/hugospritz.it\/it\/","name":"hugo-spritz","description":"My WordPress Blog","potentialAction":[{"@type":"SearchAction","target":{"@type":"EntryPoint","urlTemplate":"https:\/\/hugospritz.it\/it\/?s={search_term_string}"},"query-input":"required name=search_term_string"}],"inLanguage":"es"}]}},"_links":{"self":[{"href":"https:\/\/hugospritz.it\/es\/wp-json\/wp\/v2\/pages\/5171"}],"collection":[{"href":"https:\/\/hugospritz.it\/es\/wp-json\/wp\/v2\/pages"}],"about":[{"href":"https:\/\/hugospritz.it\/es\/wp-json\/wp\/v2\/types\/page"}],"author":[{"embeddable":true,"href":"https:\/\/hugospritz.it\/es\/wp-json\/wp\/v2\/users\/2"}],"replies":[{"embeddable":true,"href":"https:\/\/hugospritz.it\/es\/wp-json\/wp\/v2\/comments?post=5171"}],"version-history":[{"count":14,"href":"https:\/\/hugospritz.it\/es\/wp-json\/wp\/v2\/pages\/5171\/revisions"}],"predecessor-version":[{"id":6362,"href":"https:\/\/hugospritz.it\/es\/wp-json\/wp\/v2\/pages\/5171\/revisions\/6362"}],"wp:attachment":[{"href":"https:\/\/hugospritz.it\/es\/wp-json\/wp\/v2\/media?parent=5171"}],"curies":[{"name":"wp","href":"https:\/\/api.w.org\/{rel}","templated":true}]}}