{"id":5216,"date":"2016-08-29T14:58:13","date_gmt":"2016-08-29T14:58:13","guid":{"rendered":"http:\/\/hugospritz.it\/product\/hugo-spritz-2\/"},"modified":"2026-03-17T12:08:42","modified_gmt":"2026-03-17T12:08:42","slug":"hugo-spritz-2","status":"publish","type":"product","link":"https:\/\/hugospritz.it\/es\/producto\/hugo-spritz-2\/","title":{"rendered":"Hugo Spritz"},"content":{"rendered":"<p>La receta perfecta? Tome Hugo Spritz Van Sering, se vierte al mismo tiempo fr\u00edo, a\u00f1adir 4 cubitos de hielo y unas hojas de menta, si lo desea, puede terminar con una rodaja de manzana verde (dependiendo del gusto) y el spritz\u00a0m\u00e1s fr\u00edo estar\u00e1 listo para seducirte !<\/p>\n","protected":false},"excerpt":{"rendered":"<p>La receta perfecta? Tome Hugo Spritz Van Sering, se vierte al mismo tiempo fr\u00edo, a\u00f1adir 4 cubitos de hielo y unas hojas de menta, si lo desea, puede terminar con&#8230;<\/p>\n","protected":false},"featured_media":5217,"template":"","meta":[],"product_cat":[94,99],"product_tag":[],"yoast_head":"<!-- This site is optimized with the Yoast SEO plugin v21.0 - https:\/\/yoast.com\/wordpress\/plugins\/seo\/ -->\n<title>Hugo Spritz - hugo-spritz<\/title>\n<meta name=\"robots\" content=\"index, follow, max-snippet:-1, max-image-preview:large, max-video-preview:-1\" \/>\n<link rel=\"canonical\" href=\"https:\/\/hugospritz.it\/es\/producto\/hugo-spritz-2\/\" \/>\n<meta property=\"og:locale\" content=\"es_ES\" \/>\n<meta property=\"og:type\" content=\"article\" \/>\n<meta property=\"og:title\" content=\"Hugo Spritz - hugo-spritz\" \/>\n<meta property=\"og:description\" content=\"La receta perfecta? Tome Hugo Spritz Van Sering, se vierte al mismo tiempo fr\u00edo, a\u00f1adir 4 cubitos de hielo y unas hojas de menta, si lo desea, puede terminar con...\" \/>\n<meta property=\"og:url\" content=\"https:\/\/hugospritz.it\/es\/producto\/hugo-spritz-2\/\" \/>\n<meta property=\"og:site_name\" content=\"hugo-spritz\" \/>\n<meta property=\"article:modified_time\" content=\"2026-03-17T12:08:42+00:00\" \/>\n<meta property=\"og:image\" content=\"https:\/\/hugospritz.it\/wp-content\/uploads\/2013\/05\/botella-y-copa2.png\" \/>\n\t<meta property=\"og:image:width\" content=\"338\" \/>\n\t<meta property=\"og:image:height\" content=\"545\" \/>\n\t<meta property=\"og:image:type\" content=\"image\/png\" \/>\n<meta name=\"twitter:card\" content=\"summary_large_image\" \/>\n<script type=\"application\/ld+json\" class=\"yoast-schema-graph\">{\"@context\":\"https:\/\/schema.org\",\"@graph\":[{\"@type\":\"WebPage\",\"@id\":\"https:\/\/hugospritz.it\/es\/producto\/hugo-spritz-2\/\",\"url\":\"https:\/\/hugospritz.it\/es\/producto\/hugo-spritz-2\/\",\"name\":\"Hugo Spritz - hugo-spritz\",\"isPartOf\":{\"@id\":\"https:\/\/hugospritz.it\/it\/#website\"},\"datePublished\":\"2016-08-29T14:58:13+00:00\",\"dateModified\":\"2026-03-17T12:08:42+00:00\",\"breadcrumb\":{\"@id\":\"https:\/\/hugospritz.it\/es\/producto\/hugo-spritz-2\/#breadcrumb\"},\"inLanguage\":\"es\",\"potentialAction\":[{\"@type\":\"ReadAction\",\"target\":[\"https:\/\/hugospritz.it\/es\/producto\/hugo-spritz-2\/\"]}]},{\"@type\":\"BreadcrumbList\",\"@id\":\"https:\/\/hugospritz.it\/es\/producto\/hugo-spritz-2\/#breadcrumb\",\"itemListElement\":[{\"@type\":\"ListItem\",\"position\":1,\"name\":\"Home\",\"item\":\"https:\/\/hugospritz.it\/es\/\"},{\"@type\":\"ListItem\",\"position\":2,\"name\":\"Prodotti\",\"item\":\"https:\/\/hugospritz.it\/it\/shop\/\"},{\"@type\":\"ListItem\",\"position\":3,\"name\":\"Hugo Spritz\"}]},{\"@type\":\"WebSite\",\"@id\":\"https:\/\/hugospritz.it\/it\/#website\",\"url\":\"https:\/\/hugospritz.it\/it\/\",\"name\":\"hugo-spritz\",\"description\":\"My WordPress Blog\",\"potentialAction\":[{\"@type\":\"SearchAction\",\"target\":{\"@type\":\"EntryPoint\",\"urlTemplate\":\"https:\/\/hugospritz.it\/it\/?s={search_term_string}\"},\"query-input\":\"required name=search_term_string\"}],\"inLanguage\":\"es\"}]}<\/script>\n<!-- \/ Yoast SEO plugin. -->","yoast_head_json":{"title":"Hugo Spritz - hugo-spritz","robots":{"index":"index","follow":"follow","max-snippet":"max-snippet:-1","max-image-preview":"max-image-preview:large","max-video-preview":"max-video-preview:-1"},"canonical":"https:\/\/hugospritz.it\/es\/producto\/hugo-spritz-2\/","og_locale":"es_ES","og_type":"article","og_title":"Hugo Spritz - hugo-spritz","og_description":"La receta perfecta? Tome Hugo Spritz Van Sering, se vierte al mismo tiempo fr\u00edo, a\u00f1adir 4 cubitos de hielo y unas hojas de menta, si lo desea, puede terminar con...","og_url":"https:\/\/hugospritz.it\/es\/producto\/hugo-spritz-2\/","og_site_name":"hugo-spritz","article_modified_time":"2026-03-17T12:08:42+00:00","og_image":[{"width":338,"height":545,"url":"https:\/\/hugospritz.it\/wp-content\/uploads\/2013\/05\/botella-y-copa2.png","type":"image\/png"}],"twitter_card":"summary_large_image","schema":{"@context":"https:\/\/schema.org","@graph":[{"@type":"WebPage","@id":"https:\/\/hugospritz.it\/es\/producto\/hugo-spritz-2\/","url":"https:\/\/hugospritz.it\/es\/producto\/hugo-spritz-2\/","name":"Hugo Spritz - hugo-spritz","isPartOf":{"@id":"https:\/\/hugospritz.it\/it\/#website"},"datePublished":"2016-08-29T14:58:13+00:00","dateModified":"2026-03-17T12:08:42+00:00","breadcrumb":{"@id":"https:\/\/hugospritz.it\/es\/producto\/hugo-spritz-2\/#breadcrumb"},"inLanguage":"es","potentialAction":[{"@type":"ReadAction","target":["https:\/\/hugospritz.it\/es\/producto\/hugo-spritz-2\/"]}]},{"@type":"BreadcrumbList","@id":"https:\/\/hugospritz.it\/es\/producto\/hugo-spritz-2\/#breadcrumb","itemListElement":[{"@type":"ListItem","position":1,"name":"Home","item":"https:\/\/hugospritz.it\/es\/"},{"@type":"ListItem","position":2,"name":"Prodotti","item":"https:\/\/hugospritz.it\/it\/shop\/"},{"@type":"ListItem","position":3,"name":"Hugo Spritz"}]},{"@type":"WebSite","@id":"https:\/\/hugospritz.it\/it\/#website","url":"https:\/\/hugospritz.it\/it\/","name":"hugo-spritz","description":"My WordPress Blog","potentialAction":[{"@type":"SearchAction","target":{"@type":"EntryPoint","urlTemplate":"https:\/\/hugospritz.it\/it\/?s={search_term_string}"},"query-input":"required name=search_term_string"}],"inLanguage":"es"}]}},"_links":{"self":[{"href":"https:\/\/hugospritz.it\/es\/wp-json\/wp\/v2\/product\/5216"}],"collection":[{"href":"https:\/\/hugospritz.it\/es\/wp-json\/wp\/v2\/product"}],"about":[{"href":"https:\/\/hugospritz.it\/es\/wp-json\/wp\/v2\/types\/product"}],"wp:featuredmedia":[{"embeddable":true,"href":"https:\/\/hugospritz.it\/es\/wp-json\/wp\/v2\/media\/5217"}],"wp:attachment":[{"href":"https:\/\/hugospritz.it\/es\/wp-json\/wp\/v2\/media?parent=5216"}],"wp:term":[{"taxonomy":"product_cat","embeddable":true,"href":"https:\/\/hugospritz.it\/es\/wp-json\/wp\/v2\/product_cat?post=5216"},{"taxonomy":"product_tag","embeddable":true,"href":"https:\/\/hugospritz.it\/es\/wp-json\/wp\/v2\/product_tag?post=5216"}],"curies":[{"name":"wp","href":"https:\/\/api.w.org\/{rel}","templated":true}]}}