{"id":5161,"date":"2026-02-01T13:57:00","date_gmt":"2026-02-01T13:57:00","guid":{"rendered":"http:\/\/hugospritz.it\/online-shop\/?lang=it"},"modified":"2026-01-14T10:43:04","modified_gmt":"2026-01-14T10:43:04","slug":"hugo-spritz-online-shop-vendita-on-line","status":"publish","type":"page","link":"https:\/\/hugospritz.it\/it\/hugo-spritz-online-shop-vendita-on-line\/","title":{"rendered":"Online Shop"},"content":{"rendered":"<section class=\"l-section wpb_row height_full width_full\"><div class=\"l-section-h i-cf\"><div class=\"g-cols offset_small\"><div class=\" full-width\"><\/div><\/div><\/div><\/section><!-- Row Backgrounds --><div class=\"upb_bg_img\" data-ultimate-bg=\"url(https:\/\/hugospritz.it\/wp-content\/uploads\/2021\/11\/hugo-spritz-08.jpg)\" data-image-id=\"id^6024|url^https:\/\/hugospritz.it\/wp-content\/uploads\/2021\/11\/hugo-spritz-08.jpg|caption^null|alt^null|title^hugo-spritz-08|description^null\" data-ultimate-bg-style=\"vcpb-default\" data-bg-img-repeat=\"no-repeat\" data-bg-img-size=\"cover\" data-bg-img-position=\"\" data-parallx_sense=\"30\" data-bg-override=\"0\" data-bg_img_attach=\"scroll\" data-upb-overlay-color=\"\" data-upb-bg-animation=\"\" data-fadeout=\"\" data-bg-animation=\"left-animation\" data-bg-animation-type=\"h\" data-animation-repeat=\"repeat\" data-fadeout-percentage=\"30\" data-parallax-content=\"\" data-parallax-content-sense=\"30\" data-row-effect-mobile-disable=\"true\" data-img-parallax-mobile-disable=\"true\" data-rtl=\"false\"  data-custom-vc-row=\"\"  data-vc=\"4.11.2.1\"  data-is_old_vc=\"\"  data-theme-support=\"\"   data-overlay=\"false\" data-overlay-color=\"\" data-overlay-pattern=\"\" data-overlay-pattern-opacity=\"\" data-overlay-pattern-size=\"\"    ><\/div><section class=\"l-section wpb_row height_medium\"><div class=\"l-section-h i-cf\"><div class=\"g-cols offset_small\"><div class=\" full-width\"><div class=\"wpb_text_column \"><div class=\"wpb_wrapper\">\n<h1><span style=\"color: #67c631;\">ONLINE SHOP<\/span><\/h1>\n<\/div> <\/div> <div class=\"g-cols wpb_row offset_small vc_inner \"><div class=\" full-width\"><div class=\"wpb_text_column \"><div class=\"wpb_wrapper\"><p>Cerchi Hugo Spritz Van Sering? Contattaci <a title=\"info@hugospritz.it\" href=\"mailto:info@hugospritz.it\" target=\"_blank\" rel=\"noopener\">via email<\/a> e ad euro 9,10\/bottiglia suoner\u00e0 il campanello e arriver\u00e0 direttamente a casa tua&#8230; Uno splendido cartone da 6 bottiglie \u00e8 pronto a partire, e voi, siete pronti per un Hugo Spritz Party?<br \/>\nChi vuole acquistare il prodotto con spedizione fuori Italia ci contatti via mail&nbsp;<a href=\"mailto:info@hugospritz.it\" target=\"_blank\" rel=\"noopener\">info@hugospritz.it<\/a><\/p><\/div> <\/div> <\/div><\/div><div class=\"g-cols wpb_row offset_small vc_inner \"><div class=\" full-width\"><div class=\"woocommerce columns-3 \"><ul class=\"products columns-3\">\n<li class=\"product type-product post-6318 status-publish first instock product_cat-hugo-spritz-it has-post-thumbnail shipping-taxable purchasable product-type-simple\">\n\t<div class=\"product-h\"><div class=\"product-meta\"><\/div><\/div><\/li>\n<li class=\"product type-product post-6285 status-publish outofstock product_cat-hugo-spritz-it has-post-thumbnail shipping-taxable purchasable product-type-simple\">\n\t<div class=\"product-h\"><div class=\"product-meta\"><\/div><\/div><\/li>\n<li class=\"product type-product post-5666 status-publish last instock product_cat-hugo-spritz-it has-post-thumbnail shipping-taxable purchasable product-type-simple\">\n\t<div class=\"product-h\"><div class=\"product-meta\"><\/div><\/div><\/li>\n<li class=\"product type-product post-5616 status-publish first instock product_cat-hugo-spritz-it has-post-thumbnail shipping-taxable purchasable product-type-simple\">\n\t<div class=\"product-h\"><div class=\"product-meta\"><\/div><\/div><\/li>\n<li class=\"product type-product post-5277 status-publish outofstock product_cat-hugo-spritz-it has-post-thumbnail sale shipping-taxable purchasable product-type-simple\">\n\t<div class=\"product-h\"><div class=\"product-meta\"><\/div><\/div><\/li>\n<\/ul>\n<\/div><\/div><\/div><\/div><\/div><\/div><\/section>\n","protected":false},"excerpt":{"rendered":"ONLINE SHOP Cerchi Hugo Spritz Van Sering? Contattaci via email e ad euro 9,10\/bottiglia suoner\u00e0 il campanello e arriver\u00e0 direttamente a casa tua... Uno splendido cartone da 6 bottiglie \u00e8...","protected":false},"author":2,"featured_media":0,"parent":0,"menu_order":0,"comment_status":"closed","ping_status":"closed","template":"","meta":[],"yoast_head":"<!-- This site is optimized with the Yoast SEO plugin v21.0 - https:\/\/yoast.com\/wordpress\/plugins\/seo\/ -->\n<title>Online Shop - Hugo Spritz<\/title>\n<meta name=\"description\" content=\"Vendita online Hugo Spritz Van Sering in diversi formati. Puoi acquistare il tuo Hugo Spritz preferito e riceverlo direttamente a casa tua.\" \/>\n<meta name=\"robots\" content=\"index, follow, max-snippet:-1, max-image-preview:large, max-video-preview:-1\" \/>\n<link rel=\"canonical\" href=\"https:\/\/hugospritz.it\/it\/hugo-spritz-online-shop-vendita-on-line\/\" \/>\n<meta property=\"og:locale\" content=\"it_IT\" \/>\n<meta property=\"og:type\" content=\"article\" \/>\n<meta property=\"og:title\" content=\"Online Shop - Hugo Spritz\" \/>\n<meta property=\"og:description\" content=\"Vendita online Hugo Spritz Van Sering in diversi formati. Puoi acquistare il tuo Hugo Spritz preferito e riceverlo direttamente a casa tua.\" \/>\n<meta property=\"og:url\" content=\"https:\/\/hugospritz.it\/it\/hugo-spritz-online-shop-vendita-on-line\/\" \/>\n<meta property=\"og:site_name\" content=\"Hugo Spritz\" \/>\n<meta property=\"article:modified_time\" content=\"2026-01-14T10:43:04+00:00\" \/>\n<meta name=\"twitter:card\" content=\"summary_large_image\" \/>\n<meta name=\"twitter:label1\" content=\"Tempo di lettura stimato\" \/>\n\t<meta name=\"twitter:data1\" content=\"1 minuto\" \/>\n<script type=\"application\/ld+json\" class=\"yoast-schema-graph\">{\"@context\":\"https:\/\/schema.org\",\"@graph\":[{\"@type\":\"WebPage\",\"@id\":\"https:\/\/hugospritz.it\/it\/hugo-spritz-online-shop-vendita-on-line\/\",\"url\":\"https:\/\/hugospritz.it\/it\/hugo-spritz-online-shop-vendita-on-line\/\",\"name\":\"Online Shop - Hugo Spritz\",\"isPartOf\":{\"@id\":\"https:\/\/hugospritz.it\/it\/#website\"},\"datePublished\":\"2026-02-01T13:57:00+00:00\",\"dateModified\":\"2026-01-14T10:43:04+00:00\",\"description\":\"Vendita online Hugo Spritz Van Sering in diversi formati. Puoi acquistare il tuo Hugo Spritz preferito e riceverlo direttamente a casa tua.\",\"breadcrumb\":{\"@id\":\"https:\/\/hugospritz.it\/it\/hugo-spritz-online-shop-vendita-on-line\/#breadcrumb\"},\"inLanguage\":\"it-IT\",\"potentialAction\":[{\"@type\":\"ReadAction\",\"target\":[\"https:\/\/hugospritz.it\/it\/hugo-spritz-online-shop-vendita-on-line\/\"]}]},{\"@type\":\"BreadcrumbList\",\"@id\":\"https:\/\/hugospritz.it\/it\/hugo-spritz-online-shop-vendita-on-line\/#breadcrumb\",\"itemListElement\":[{\"@type\":\"ListItem\",\"position\":1,\"name\":\"Home\",\"item\":\"https:\/\/hugospritz.it\/it\/\"},{\"@type\":\"ListItem\",\"position\":2,\"name\":\"Online Shop\"}]},{\"@type\":\"WebSite\",\"@id\":\"https:\/\/hugospritz.it\/it\/#website\",\"url\":\"https:\/\/hugospritz.it\/it\/\",\"name\":\"Hugo Spritz\",\"description\":\"My WordPress Blog\",\"potentialAction\":[{\"@type\":\"SearchAction\",\"target\":{\"@type\":\"EntryPoint\",\"urlTemplate\":\"https:\/\/hugospritz.it\/it\/?s={search_term_string}\"},\"query-input\":\"required name=search_term_string\"}],\"inLanguage\":\"it-IT\"}]}<\/script>\n<!-- \/ Yoast SEO plugin. -->","yoast_head_json":{"title":"Online Shop - Hugo Spritz","description":"Vendita online Hugo Spritz Van Sering in diversi formati. Puoi acquistare il tuo Hugo Spritz preferito e riceverlo direttamente a casa tua.","robots":{"index":"index","follow":"follow","max-snippet":"max-snippet:-1","max-image-preview":"max-image-preview:large","max-video-preview":"max-video-preview:-1"},"canonical":"https:\/\/hugospritz.it\/it\/hugo-spritz-online-shop-vendita-on-line\/","og_locale":"it_IT","og_type":"article","og_title":"Online Shop - Hugo Spritz","og_description":"Vendita online Hugo Spritz Van Sering in diversi formati. Puoi acquistare il tuo Hugo Spritz preferito e riceverlo direttamente a casa tua.","og_url":"https:\/\/hugospritz.it\/it\/hugo-spritz-online-shop-vendita-on-line\/","og_site_name":"Hugo Spritz","article_modified_time":"2026-01-14T10:43:04+00:00","twitter_card":"summary_large_image","twitter_misc":{"Tempo di lettura stimato":"1 minuto"},"schema":{"@context":"https:\/\/schema.org","@graph":[{"@type":"WebPage","@id":"https:\/\/hugospritz.it\/it\/hugo-spritz-online-shop-vendita-on-line\/","url":"https:\/\/hugospritz.it\/it\/hugo-spritz-online-shop-vendita-on-line\/","name":"Online Shop - Hugo Spritz","isPartOf":{"@id":"https:\/\/hugospritz.it\/it\/#website"},"datePublished":"2026-02-01T13:57:00+00:00","dateModified":"2026-01-14T10:43:04+00:00","description":"Vendita online Hugo Spritz Van Sering in diversi formati. Puoi acquistare il tuo Hugo Spritz preferito e riceverlo direttamente a casa tua.","breadcrumb":{"@id":"https:\/\/hugospritz.it\/it\/hugo-spritz-online-shop-vendita-on-line\/#breadcrumb"},"inLanguage":"it-IT","potentialAction":[{"@type":"ReadAction","target":["https:\/\/hugospritz.it\/it\/hugo-spritz-online-shop-vendita-on-line\/"]}]},{"@type":"BreadcrumbList","@id":"https:\/\/hugospritz.it\/it\/hugo-spritz-online-shop-vendita-on-line\/#breadcrumb","itemListElement":[{"@type":"ListItem","position":1,"name":"Home","item":"https:\/\/hugospritz.it\/it\/"},{"@type":"ListItem","position":2,"name":"Online Shop"}]},{"@type":"WebSite","@id":"https:\/\/hugospritz.it\/it\/#website","url":"https:\/\/hugospritz.it\/it\/","name":"Hugo Spritz","description":"My WordPress Blog","potentialAction":[{"@type":"SearchAction","target":{"@type":"EntryPoint","urlTemplate":"https:\/\/hugospritz.it\/it\/?s={search_term_string}"},"query-input":"required name=search_term_string"}],"inLanguage":"it-IT"}]}},"_links":{"self":[{"href":"https:\/\/hugospritz.it\/it\/wp-json\/wp\/v2\/pages\/5161"}],"collection":[{"href":"https:\/\/hugospritz.it\/it\/wp-json\/wp\/v2\/pages"}],"about":[{"href":"https:\/\/hugospritz.it\/it\/wp-json\/wp\/v2\/types\/page"}],"author":[{"embeddable":true,"href":"https:\/\/hugospritz.it\/it\/wp-json\/wp\/v2\/users\/2"}],"replies":[{"embeddable":true,"href":"https:\/\/hugospritz.it\/it\/wp-json\/wp\/v2\/comments?post=5161"}],"version-history":[{"count":9,"href":"https:\/\/hugospritz.it\/it\/wp-json\/wp\/v2\/pages\/5161\/revisions"}],"predecessor-version":[{"id":6372,"href":"https:\/\/hugospritz.it\/it\/wp-json\/wp\/v2\/pages\/5161\/revisions\/6372"}],"wp:attachment":[{"href":"https:\/\/hugospritz.it\/it\/wp-json\/wp\/v2\/media?parent=5161"}],"curies":[{"name":"wp","href":"https:\/\/api.w.org\/{rel}","templated":true}]}}