{"id":5169,"date":"2013-05-31T08:44:43","date_gmt":"2013-05-31T08:44:43","guid":{"rendered":"http:\/\/hugospritz.it\/sample-page-2\/?lang=it"},"modified":"2025-03-26T13:54:38","modified_gmt":"2025-03-26T13:54:38","slug":"hugo-spritz","status":"publish","type":"page","link":"https:\/\/hugospritz.it\/it\/","title":{"rendered":"Hugo Spritz"},"content":{"rendered":"<section class=\"l-section wpb_row height_full width_full\"><div class=\"l-section-h i-cf\"><div class=\"g-cols offset_small\"><div class=\" full-width\"><\/div><\/div><\/div><\/section><!-- Row Backgrounds --><div class=\"upb_bg_img\" data-ultimate-bg=\"url(https:\/\/hugospritz.it\/wp-content\/uploads\/2021\/11\/hugo-spritz-04.jpg)\" data-image-id=\"id^6004|url^https:\/\/hugospritz.it\/wp-content\/uploads\/2021\/11\/hugo-spritz-04.jpg|caption^null|alt^null|title^hugo-spritz-04|description^null\" data-ultimate-bg-style=\"vcpb-default\" data-bg-img-repeat=\"no-repeat\" data-bg-img-size=\"cover\" data-bg-img-position=\"\" data-parallx_sense=\"30\" data-bg-override=\"full\" data-bg_img_attach=\"scroll\" data-upb-overlay-color=\"\" data-upb-bg-animation=\"\" data-fadeout=\"\" data-bg-animation=\"left-animation\" data-bg-animation-type=\"h\" data-animation-repeat=\"repeat\" data-fadeout-percentage=\"30\" data-parallax-content=\"\" data-parallax-content-sense=\"30\" data-row-effect-mobile-disable=\"true\" data-img-parallax-mobile-disable=\"true\" data-rtl=\"false\"  data-custom-vc-row=\"\"  data-vc=\"4.11.2.1\"  data-is_old_vc=\"\"  data-theme-support=\"\"   data-overlay=\"false\" data-overlay-color=\"\" data-overlay-pattern=\"\" data-overlay-pattern-opacity=\"\" data-overlay-pattern-size=\"\"    ><\/div><section class=\"l-section wpb_row height_medium\"><div class=\"l-section-h i-cf\"><div class=\"g-cols offset_small\"><div class=\" two-thirds\"><div class=\"wpb_text_column \"><div class=\"wpb_wrapper\">\n<h1><span style=\"color: #67c631;\">Hugo Spritz<\/span><\/h1>\n<p>Hugo Spritz: un balzo nel tempo e nello spazio\u2026<br \/>\nSiamo all&#8217;inizio del 900 quando nelle vallate delle Dolomiti nasce l&#8217;abitudine, nei mesi di maggio e giugno, di raccogliere i piccoli e candidi fiori di sambuco per poi dare vita all&#8217;omonimo sciroppo. Nulla \u00e8 lasciato al caso, nemmeno l&#8217;orario in cui i profumati fiori vengono raccolti\u2026mai nelle prime ore della mattina in quanto i piccoli fiori risultano troppo chiusi, n\u00e8 troppo tardi nel pomeriggio quando sono stati baciati troppo a lungo dal sole. Fiori di sambuco, acqua, limoni e zucchero sono gli ingredienti che danno vita ad un nettare dal sapore delizioso, capace di svolgere un&#8217;azione dissetante e nel contempo energizzante, perfetto per accompagnare tutte le fasce d&#8217;et\u00e0. Elementi naturali dunque, nati e cresciuti in territori incontaminati, miscelati con attenzione e fatti riposare senza alcuna fretta.<br \/>\nLo sciroppo, insegnano i nostri avi, viene poi diluito in acqua per i pi\u00f9 piccini e nel vino per i pi\u00f9 cresciuti.<br \/>\nPassano gli anni, i decenni, ma l&#8217;Hugo non passa mai\u2026ed \u00e8 cos\u00ec che la tradizione incontra la modernit\u00e0.<br \/>\nI tempi sono cambiati, i ritmi pure ma l&#8217;attenzione per la qualit\u00e0 degli ingredienti rimane invariata. Hugo si trasforma quindi in Hugo Spritz, un drink pr\u00eat-\u00e0-porter che attende solo qualche cubetto di ghiaccio, un paio di foglie di menta e se lo si desidera uno spicchio di mela verde per essere pronto da gustare.<br \/>\nFrizzante, fresco, giovane \u00e8 HUGO SPRITZ, l&#8217;aperitivo pi\u00f9 cool del momento!<\/p>\n<\/div> <\/div> <\/div><div class=\" one-third\"><div class=\"w-image  animate_afr d4\"><img width=\"338\" height=\"545\" src=\"https:\/\/hugospritz.it\/wp-content\/uploads\/2013\/05\/botella-y-copa2.png\" class=\"attachment-large size-large\" alt=\"\" decoding=\"async\" loading=\"lazy\" srcset=\"https:\/\/hugospritz.it\/wp-content\/uploads\/2013\/05\/botella-y-copa2.png 338w, https:\/\/hugospritz.it\/wp-content\/uploads\/2013\/05\/botella-y-copa2-186x300.png 186w\" sizes=\"(max-width: 338px) 100vw, 338px\" \/><\/div><\/div><\/div><\/div><\/section><section class=\"l-section wpb_row height_huge color_alternate with_overlay\" id=\"first\"><div class=\"l-section-overlay\" style=\"background-color: rgba(0,0,0,0.41)\"><\/div><div class=\"l-section-h i-cf\"><div class=\"g-cols offset_small\"><div class=\" full-width\"><div class=\"wpb_text_column \"><div class=\"wpb_wrapper\">\n<h1 style=\"text-align: center;\"><span style=\"color: #ffffff;\"><strong>Hugo Drink<\/strong><\/span><\/h1>\n<\/div> <\/div> <div class=\"w-separator type_default size_medium thick_1 style_solid color_custom cont_icon\" style=\"border-color: #ffffff; color: #ffffff;\"><span class=\"w-separator-h\"><i class=\"fa fa-glass\"><\/i><\/span><\/div><div class=\"wpb_text_column  vc_custom_1474987427263\"><div class=\"wpb_wrapper\">\n<h6 style=\"text-align: center;\"><span style=\"color: #ffffff;\">La ricetta perfetta? Prendi Hugo Spritz Van Sering, versalo quando ancora freddo, aggiungici 4 cubetti di ghiaccio e qualche fogliolina di menta, se vuoi pu\u00f2 completare il tutto con uno fetta di Lime (ma dipende dai tuoi gusti) e lo spritz pi\u00f9 cool del momento sar\u00e0 pronto per conquistarti!<\/span><\/h6>\n<\/div> <\/div> <\/div><\/div><\/div><\/section><!-- Row Backgrounds --><div class=\"upb_bg_img\" data-ultimate-bg=\"url(https:\/\/hugospritz.it\/wp-content\/uploads\/2013\/05\/hugo-spritz-home2.jpg)\" data-image-id=\"id^5885|url^https:\/\/hugospritz.it\/wp-content\/uploads\/2013\/05\/hugo-spritz-home2.jpg|caption^null|alt^null|title^hugo-spritz-home2|description^null\" data-ultimate-bg-style=\"vcpb-vz-jquery\" data-bg-img-repeat=\"no-repeat\" data-bg-img-size=\"cover\" data-bg-img-position=\"\" data-parallx_sense=\"30\" data-bg-override=\"0\" data-bg_img_attach=\"scroll\" data-upb-overlay-color=\"\" data-upb-bg-animation=\"\" data-fadeout=\"\" data-bg-animation=\"left-animation\" data-bg-animation-type=\"h\" data-animation-repeat=\"repeat\" data-fadeout-percentage=\"30\" data-parallax-content=\"\" data-parallax-content-sense=\"30\" data-row-effect-mobile-disable=\"true\" data-img-parallax-mobile-disable=\"true\" data-rtl=\"false\"  data-custom-vc-row=\"\"  data-vc=\"4.11.2.1\"  data-is_old_vc=\"\"  data-theme-support=\"\"   data-overlay=\"false\" data-overlay-color=\"\" data-overlay-pattern=\"\" data-overlay-pattern-opacity=\"\" data-overlay-pattern-size=\"\"    ><\/div><section class=\"l-section wpb_row height_medium\"><div class=\"l-section-h i-cf\"><div class=\"g-cols offset_small\"><div class=\" one-third\"><div class=\"w-image  align_left animate_afl\"><img width=\"306\" height=\"338\" src=\"https:\/\/hugospritz.it\/wp-content\/uploads\/2013\/05\/cartone.png\" class=\"attachment-large size-large\" alt=\"\" decoding=\"async\" loading=\"lazy\" srcset=\"https:\/\/hugospritz.it\/wp-content\/uploads\/2013\/05\/cartone.png 306w, https:\/\/hugospritz.it\/wp-content\/uploads\/2013\/05\/cartone-272x300.png 272w\" sizes=\"(max-width: 306px) 100vw, 306px\" \/><\/div><\/div><div class=\" two-thirds\"><div class=\"wpb_text_column \"><div class=\"wpb_wrapper\">\n<h1 style=\"text-align: right;\"><span style=\"color: #67c631;\">Online Shop<\/span><\/h1>\n<p style=\"text-align: right;\">Cerchi Hugo Spritz Van Sering? Contattaci via email e ad euro 9,10\/bottiglia suoner\u00e0 il campanello e arriver\u00e0 direttamente a casa tua&#8230; Uno splendido cartone da 6 bottiglie \u00e8 pronto a partire, e voi, siete pronti per un Hugo Spritz Party?<\/p>\n<\/div> <\/div> <div class=\"w-separator type_default size_small thick_1 style_solid color_border cont_none\"><span class=\"w-separator-h\"><\/span><\/div><div class=\" ubtn-ctn-right \"><a class=\"ubtn-link ult-adjust-bottom-margin ubtn-right ubtn-normal \" href = \"http:\/\/hugospritz.it\/it\/online-shop\" target='' ><button type=\"button\" id=\"ubtn-4517\" class=\"ubtn ult-adjust-bottom-margin ult-responsive ubtn-normal ubtn-no-hover-bg  none  ubtn-sep-icon ubtn-sep-icon-top-push  ubtn-right   tooltip-6a045ee3ee155\"  data-hover=\"#67c631\" data-border-color=\"\" data-bg=\"#67c631\" data-hover-bg=\"\" data-border-hover=\"\" data-shadow-hover=\"\" data-shadow-click=\"none\" data-shadow=\"\" data-shd-shadow=\"\"  data-ultimate-target='#ubtn-4517'  data-responsive-json-new='{\"font-size\":\"\",\"line-height\":\"\"}'  style=\"font-weight:normal;border:none;background: #67c631;color: #ffffff;\"><span class=\"ubtn-data ubtn-icon\"><i class=\"Defaults-shopping-cart\" style=\"font-size:25px;color:#ffffff;\"><\/i><\/span><span class=\"ubtn-hover\" style=\"background-color:\"><\/span><span class=\"ubtn-data ubtn-text \" >Acquista ora<\/span><\/button><\/a><\/div><\/div><\/div><\/div><\/section><section class=\"l-section wpb_row height_auto width_full\"><div class=\"l-section-h i-cf\"><div class=\"g-cols offset_small\"><div class=\" full-width\"><div class=\"w-image  align_center animate_fade d1\"><img width=\"1024\" height=\"512\" src=\"https:\/\/hugospritz.it\/wp-content\/uploads\/2013\/05\/bm2-1024x512.png\" class=\"attachment-large size-large\" alt=\"\" decoding=\"async\" loading=\"lazy\" srcset=\"https:\/\/hugospritz.it\/wp-content\/uploads\/2013\/05\/bm2-1024x512.png 1024w, https:\/\/hugospritz.it\/wp-content\/uploads\/2013\/05\/bm2-300x150.png 300w, https:\/\/hugospritz.it\/wp-content\/uploads\/2013\/05\/bm2-768x384.png 768w, https:\/\/hugospritz.it\/wp-content\/uploads\/2013\/05\/bm2-600x300.png 600w, https:\/\/hugospritz.it\/wp-content\/uploads\/2013\/05\/bm2.png 1200w\" sizes=\"(max-width: 1024px) 100vw, 1024px\" \/><\/div><\/div><\/div><\/div><\/section><!-- Row Backgrounds --><div class=\"upb_bg_img\" data-ultimate-bg=\"url(https:\/\/hugospritz.it\/wp-content\/uploads\/2013\/05\/hojas-3.png)\" data-image-id=\"id^4994|url^http:\/\/hugospritz.it\/wp-content\/uploads\/2013\/05\/hojas-3.png|caption^null|alt^null|title^hojas-3|description^null\" data-ultimate-bg-style=\"vcpb-vz-jquery\" data-bg-img-repeat=\"no-repeat\" data-bg-img-size=\"contain\" data-bg-img-position=\"\" data-parallx_sense=\"30\" data-bg-override=\"0\" data-bg_img_attach=\"scroll\" data-upb-overlay-color=\"\" data-upb-bg-animation=\"\" data-fadeout=\"\" data-bg-animation=\"left-animation\" data-bg-animation-type=\"h\" data-animation-repeat=\"repeat\" data-fadeout-percentage=\"30\" data-parallax-content=\"\" data-parallax-content-sense=\"30\" data-row-effect-mobile-disable=\"true\" data-img-parallax-mobile-disable=\"true\" data-rtl=\"false\"  data-custom-vc-row=\"\"  data-vc=\"4.11.2.1\"  data-is_old_vc=\"\"  data-theme-support=\"\"   data-overlay=\"false\" data-overlay-color=\"\" data-overlay-pattern=\"\" data-overlay-pattern-opacity=\"\" data-overlay-pattern-size=\"\"    ><\/div><section class=\"l-section wpb_row height_medium\"><div class=\"l-section-h i-cf\"><div class=\"g-cols offset_small\"><div class=\" full-width\"><div class=\"w-sharing type_fixed align_right color_default\"><a class=\"w-sharing-item email\" title=\"Invia per mail questo\" href=\"javascript:void(0)\" data-sharing-url=\"https:\/\/hugospritz.it\/it\/wp-json\/wp\/v2\/pages\/5169\" data-sharing-image=\"\"><span class=\"w-sharing-icon\"><\/span><\/a><a class=\"w-sharing-item facebook\" title=\"Condividilo\" href=\"javascript:void(0)\" data-sharing-url=\"https:\/\/hugospritz.it\/it\/wp-json\/wp\/v2\/pages\/5169\" data-sharing-image=\"\"><span class=\"w-sharing-icon\"><\/span><\/a><a class=\"w-sharing-item twitter\" title=\"Twittalo\" href=\"javascript:void(0)\" data-sharing-url=\"https:\/\/hugospritz.it\/it\/wp-json\/wp\/v2\/pages\/5169\" data-sharing-image=\"\"><span class=\"w-sharing-icon\"><\/span><\/a><a class=\"w-sharing-item gplus\" title=\"Condividilo\" href=\"javascript:void(0)\" data-sharing-url=\"https:\/\/hugospritz.it\/it\/wp-json\/wp\/v2\/pages\/5169\" data-sharing-image=\"\"><span class=\"w-sharing-icon\"><\/span><\/a><a class=\"w-sharing-item linkedin\" title=\"Condividilo\" href=\"javascript:void(0)\" data-sharing-url=\"https:\/\/hugospritz.it\/it\/wp-json\/wp\/v2\/pages\/5169\" data-sharing-image=\"\"><span class=\"w-sharing-icon\"><\/span><\/a><a class=\"w-sharing-item pinterest\" title=\"Pinnalo\" href=\"javascript:void(0)\" data-sharing-url=\"https:\/\/hugospritz.it\/it\/wp-json\/wp\/v2\/pages\/5169\" data-sharing-image=\"\"><span class=\"w-sharing-icon\"><\/span><\/a><\/div><\/div><\/div><\/div><\/section>\n","protected":false},"excerpt":{"rendered":"Hugo Spritz Hugo Spritz: un balzo nel tempo e nello spazio\u2026 Siamo all'inizio del 900 quando nelle vallate delle Dolomiti nasce l'abitudine, nei mesi di maggio e giugno, di raccogliere...","protected":false},"author":2,"featured_media":0,"parent":0,"menu_order":0,"comment_status":"closed","ping_status":"closed","template":"","meta":[],"yoast_head":"<!-- This site is optimized with the Yoast SEO plugin v21.0 - https:\/\/yoast.com\/wordpress\/plugins\/seo\/ -->\n<title>Hugo Spritz | Cocktail al Sambuco | Aperitivo fresco e rinfrescante<\/title>\n<meta name=\"description\" content=\"Hugo Spritz, Cocktail al Sambuco, 4 cubetti di ghiaccio un paio di foglie di menta e se lo si desidera uno spicchio di mela verde pronto da gustare. Vendita on-line\" \/>\n<meta name=\"robots\" content=\"index, follow, max-snippet:-1, max-image-preview:large, max-video-preview:-1\" \/>\n<link rel=\"canonical\" href=\"https:\/\/hugospritz.it\/it\/\" \/>\n<meta property=\"og:locale\" content=\"it_IT\" \/>\n<meta property=\"og:type\" content=\"article\" \/>\n<meta property=\"og:title\" content=\"Hugo Spritz | Cocktail al Sambuco | Aperitivo fresco e rinfrescante\" \/>\n<meta property=\"og:description\" content=\"Hugo Spritz, Cocktail al Sambuco, 4 cubetti di ghiaccio un paio di foglie di menta e se lo si desidera uno spicchio di mela verde pronto da gustare. Vendita on-line\" \/>\n<meta property=\"og:url\" content=\"https:\/\/hugospritz.it\/it\/\" \/>\n<meta property=\"og:site_name\" content=\"Hugo Spritz\" \/>\n<meta property=\"article:modified_time\" content=\"2025-03-26T13:54:38+00:00\" \/>\n<meta name=\"twitter:card\" content=\"summary_large_image\" \/>\n<meta name=\"twitter:label1\" content=\"Tempo di lettura stimato\" \/>\n\t<meta name=\"twitter:data1\" content=\"3 minuti\" \/>\n<script type=\"application\/ld+json\" class=\"yoast-schema-graph\">{\"@context\":\"https:\/\/schema.org\",\"@graph\":[{\"@type\":\"WebPage\",\"@id\":\"https:\/\/hugospritz.it\/it\/\",\"url\":\"https:\/\/hugospritz.it\/it\/\",\"name\":\"Hugo Spritz | Cocktail al Sambuco | Aperitivo fresco e rinfrescante\",\"isPartOf\":{\"@id\":\"https:\/\/hugospritz.it\/it\/#website\"},\"datePublished\":\"2013-05-31T08:44:43+00:00\",\"dateModified\":\"2025-03-26T13:54:38+00:00\",\"description\":\"Hugo Spritz, Cocktail al Sambuco, 4 cubetti di ghiaccio un paio di foglie di menta e se lo si desidera uno spicchio di mela verde pronto da gustare. Vendita on-line\",\"breadcrumb\":{\"@id\":\"https:\/\/hugospritz.it\/it\/#breadcrumb\"},\"inLanguage\":\"it-IT\",\"potentialAction\":[{\"@type\":\"ReadAction\",\"target\":[\"https:\/\/hugospritz.it\/it\/\"]}]},{\"@type\":\"BreadcrumbList\",\"@id\":\"https:\/\/hugospritz.it\/it\/#breadcrumb\",\"itemListElement\":[{\"@type\":\"ListItem\",\"position\":1,\"name\":\"Home\",\"item\":\"https:\/\/hugospritz.it\/it\/\"},{\"@type\":\"ListItem\",\"position\":2,\"name\":\"Hugo Spritz\"}]},{\"@type\":\"WebSite\",\"@id\":\"https:\/\/hugospritz.it\/it\/#website\",\"url\":\"https:\/\/hugospritz.it\/it\/\",\"name\":\"Hugo Spritz\",\"description\":\"My WordPress Blog\",\"potentialAction\":[{\"@type\":\"SearchAction\",\"target\":{\"@type\":\"EntryPoint\",\"urlTemplate\":\"https:\/\/hugospritz.it\/it\/?s={search_term_string}\"},\"query-input\":\"required name=search_term_string\"}],\"inLanguage\":\"it-IT\"}]}<\/script>\n<!-- \/ Yoast SEO plugin. -->","yoast_head_json":{"title":"Hugo Spritz | Cocktail al Sambuco | Aperitivo fresco e rinfrescante","description":"Hugo Spritz, Cocktail al Sambuco, 4 cubetti di ghiaccio un paio di foglie di menta e se lo si desidera uno spicchio di mela verde pronto da gustare. Vendita on-line","robots":{"index":"index","follow":"follow","max-snippet":"max-snippet:-1","max-image-preview":"max-image-preview:large","max-video-preview":"max-video-preview:-1"},"canonical":"https:\/\/hugospritz.it\/it\/","og_locale":"it_IT","og_type":"article","og_title":"Hugo Spritz | Cocktail al Sambuco | Aperitivo fresco e rinfrescante","og_description":"Hugo Spritz, Cocktail al Sambuco, 4 cubetti di ghiaccio un paio di foglie di menta e se lo si desidera uno spicchio di mela verde pronto da gustare. Vendita on-line","og_url":"https:\/\/hugospritz.it\/it\/","og_site_name":"Hugo Spritz","article_modified_time":"2025-03-26T13:54:38+00:00","twitter_card":"summary_large_image","twitter_misc":{"Tempo di lettura stimato":"3 minuti"},"schema":{"@context":"https:\/\/schema.org","@graph":[{"@type":"WebPage","@id":"https:\/\/hugospritz.it\/it\/","url":"https:\/\/hugospritz.it\/it\/","name":"Hugo Spritz | Cocktail al Sambuco | Aperitivo fresco e rinfrescante","isPartOf":{"@id":"https:\/\/hugospritz.it\/it\/#website"},"datePublished":"2013-05-31T08:44:43+00:00","dateModified":"2025-03-26T13:54:38+00:00","description":"Hugo Spritz, Cocktail al Sambuco, 4 cubetti di ghiaccio un paio di foglie di menta e se lo si desidera uno spicchio di mela verde pronto da gustare. Vendita on-line","breadcrumb":{"@id":"https:\/\/hugospritz.it\/it\/#breadcrumb"},"inLanguage":"it-IT","potentialAction":[{"@type":"ReadAction","target":["https:\/\/hugospritz.it\/it\/"]}]},{"@type":"BreadcrumbList","@id":"https:\/\/hugospritz.it\/it\/#breadcrumb","itemListElement":[{"@type":"ListItem","position":1,"name":"Home","item":"https:\/\/hugospritz.it\/it\/"},{"@type":"ListItem","position":2,"name":"Hugo Spritz"}]},{"@type":"WebSite","@id":"https:\/\/hugospritz.it\/it\/#website","url":"https:\/\/hugospritz.it\/it\/","name":"Hugo Spritz","description":"My WordPress Blog","potentialAction":[{"@type":"SearchAction","target":{"@type":"EntryPoint","urlTemplate":"https:\/\/hugospritz.it\/it\/?s={search_term_string}"},"query-input":"required name=search_term_string"}],"inLanguage":"it-IT"}]}},"_links":{"self":[{"href":"https:\/\/hugospritz.it\/it\/wp-json\/wp\/v2\/pages\/5169"}],"collection":[{"href":"https:\/\/hugospritz.it\/it\/wp-json\/wp\/v2\/pages"}],"about":[{"href":"https:\/\/hugospritz.it\/it\/wp-json\/wp\/v2\/types\/page"}],"author":[{"embeddable":true,"href":"https:\/\/hugospritz.it\/it\/wp-json\/wp\/v2\/users\/2"}],"replies":[{"embeddable":true,"href":"https:\/\/hugospritz.it\/it\/wp-json\/wp\/v2\/comments?post=5169"}],"version-history":[{"count":11,"href":"https:\/\/hugospritz.it\/it\/wp-json\/wp\/v2\/pages\/5169\/revisions"}],"predecessor-version":[{"id":6359,"href":"https:\/\/hugospritz.it\/it\/wp-json\/wp\/v2\/pages\/5169\/revisions\/6359"}],"wp:attachment":[{"href":"https:\/\/hugospritz.it\/it\/wp-json\/wp\/v2\/media?parent=5169"}],"curies":[{"name":"wp","href":"https:\/\/api.w.org\/{rel}","templated":true}]}}