{"id":5599,"date":"2016-10-14T14:44:12","date_gmt":"2016-10-14T14:44:12","guid":{"rendered":"http:\/\/hugospritz.it\/?page_id=5599&#038;lang=it"},"modified":"2016-10-19T08:53:48","modified_gmt":"2016-10-19T08:53:48","slug":"condizioni","status":"publish","type":"page","link":"https:\/\/hugospritz.it\/it\/condizioni\/","title":{"rendered":"Condizioni"},"content":{"rendered":"<div class=\"col-main grid12-9 grid-col2-main in-col2\">\n<div class=\"page-title\">\n<h1>Vendiamo online nel pieno rispetto delle normative vigenti<\/h1>\n<\/div>\n<div class=\"std\">\n<p>Il presente sito \u00e8 propriet\u00e0 di:<br \/>\n<strong>HUGO S.R.L.<\/strong><br \/>\nStreda de Pareda, 22<br \/>\n38032 Canazei (Tn)<br \/>\nTel. +39 392 90 98 762<br \/>\nEmail <a href=\"mailto:info@hugospritz.it\">info@hugospritz.it<\/a><\/p>\n<p><em>Iscritta al registro imprese di Bergamo al n. 124 del 5\/5\/16 &#8211; R.E.A. n. BG &#8211; 211119 &#8211; Partita IVA e Codice Fiscale 02256420221<br \/>\nCapitale sociale: euro\u00a010.000,00 interamente versato<\/em><\/p>\n<p>Le presenti <strong>condizioni di vendita<\/strong> disciplinano la vendita dei prodotti commercializzati da HUGO S.R.L. (di seguito per brevit\u00e0 indicata come hugospritz.it) attraverso il sito internet <a href=\"http:\/\/hugospritz.it\/it\/\">www.hugospriz.i<\/a><a href=\"http:\/\/hugospritz.it\/it\/\">t<\/a>. Tutti i contratti di acquisto di prodotti conclusi, tramite il suddeto sito internet e secondo le procedure qui indicate, tra il venditore e il Cliente, saranno regolati dalle presenti condizioni di vendita (in accordo alla legge italiana ed in particolare al D.Lgs. 70\/2003 relativamente al commercio elettronico e al D.Lgs. 206\/2005 con specifico riferimento alla normativa in materia di contratti a distanza). Eventuali modifiche o nuove condizioni di vendita verranno tempestivamente segnalate al Cliente, saranno efficaci dal momento della pubblicazione sul sito e verranno applicate alle sole vendite concluse successivamente alla pubblicazione.<\/p>\n<h3>Accettazione delle condizioni di vendita<\/h3>\n<p>Il contratto stipulato tra hugospritz.it ed il Cliente deve intendersi concluso con l&#8217;accettazione dell&#8217;ordine da parte di hugospritz.it. L&#8217;accettazione si ritiene tacita, se non altrimenti comunicato con qualsiasi modalit\u00e0 al Cliente. Effettuando un ordine nelle varie modalit\u00e0 previste, il Cliente dichiara di aver preso visione delle indicazioni fornite durante la procedura d&#8217;acquisto e di accettare le condizioni di seguito trascritte. Si invita pertanto il Cliente a leggere attentamente le presenti condizioni di vendita e a stamparle o a salvarle su altro supporto duraturo a lui accessibile.<\/p>\n<h3>Modalit\u00e0 di acquisto<\/h3>\n<p>Il Cliente pu\u00f2 acquistare solo i prodotti presenti sul sito https:\/\/www.hugospritz.it al momento dell&#8217;inoltro dell&#8217;ordine cos\u00ec come descritti nelle relative schede informative. Le informazioni a corredo dei prodotti riproducono quelle fornite dalle case produttrici. Hugospritz.it, pertanto, si riserva il diritto di modificare le informazioni dei prodotti per adeguarle a quelle fornite dai produttori, senza necessit\u00e0 di preavviso. Le immagini presenti sul sito sono fornite al Cliente per agevolare il riconoscimento dei prodotti, a causa di variazioni nella confezione da parte del produttore, le foto potrebbero non rispecchiare esattamente l&#8217;aspetto del prodotto consegnato. La corretta ricezione dell&#8217;ordine \u00e8 confermata da hugospritz.it\u00a0mediante una risposta via e-mail, inviata all&#8217;indirizzo di posta elettronica comunicato dal Cliente. Tale messaggio di conferma riporter\u00e0 data e ora di ricezione dell&#8217;ordine ed un &#8220;Numero Ordine&#8221;, da utilizzarsi in ogni ulteriore comunicazione con hugospritz.it, cos\u00ec come un rimando alle presenti condizioni di vendita. Nel caso di mancata accettazione dell&#8217;ordine, hugospritz.it\u00a0si impegna ad una tempestiva comunicazione al Cliente. Tutti i prezzi presenti nel sito sono da intendersi prezzi al pubblico e, quindi, comprensivi di iva. Hugospritz.it\u00a0si riserva il diritto di modificare i prezzi in ogni momento, senza alcun preavviso.\u00a0I prezzi al pubblico non includono eventuali tasse, dazi ed imposte applicabili nel Paese di destinazione dei prodotti e\/o servizi ove questo sia diverso dall\u2019Italia. Tali costi, diversi da paese a paese, sono a carico del cliente, al quale spetta l\u2019onere di verificarne l\u2019ammontare presso le competenti autorit\u00e0 doganali. A fronte di una richiesta scritta rimborseremo il cliente dei costi incorsi.<\/p>\n<h3>Modalit\u00e0 di pagamento<\/h3>\n<p>Il Cliente pu\u00f2 acquistare i prodotti presenti sul sito internet Hugospritz.it\u00a0utilizzando diverse forme di pagamento, cos\u00ec come indicato nella procedura d&#8217;acquisto. Eventuali costi aggiuntivi afferenti ad una determinata modalit\u00e0 di pagamento verranno esplicitamente evidenziati durante la procedura d&#8217;acquisto stessa.<\/p>\n<h3>Modalit\u00e0 di consegna<\/h3>\n<p>Hugospritz.it\u00a0consegna i propri prodotti tramite corrieri specializzati. Le spese di spedizione, in genere, sono a carico del Cliente e sono evidenziate esplicitamente al momento dell&#8217;effettuazione dell&#8217;ordine. A seconda dell\u2019area di destinazione della merce, le consegne potranno avvenire in un arco di tempo che varia dalle 24 ore ai 4 giorni, salvo contrattempi (comunque al pi\u00f9 tardi entro trenta giorni dalla data dell&#8217;ordine). Il Cliente al ricevimento della merce \u00e8 tenuto a verificarne l&#8217;integrit\u00e0, qualora il cliente avesse dubbi circa l&#8217;integrit\u00e0 della stessa, dovr\u00e0 indicarlo sulla ricevuta di consegna. Il cliente avr\u00e0 tempo 14 giorni lavorativi per verificare l&#8217;integrit\u00e0 della merce e comunicare per iscritto tramite posta elettronica all&#8217;indirizzo info@hugospritz.it eventuali danneggiamenti. Entro 14 giorni lavorativi Hugospritz.it\u00a0provveder\u00e0 a rimborsare il cliente.<\/p>\n<h3>Diritto di recesso<\/h3>\n<p>Il Cliente ha diritto di recedere dal contratto, senza alcuna penalit\u00e0 e senza specificarne il motivo, entro 14 giorni lavorativi dalla consegna dei prodotti acquistati, secondo correttezza e buona fede, previa comunicazione scritta da inoltrarsi a Hugospritz.it\u00a0tramite posta elettronica all&#8217;indirizzo info@hugospritz.it. Nella comunicazione il Cliente dovr\u00e0 indicare il prodotto o i prodotti per i quali intende esercitare il diritto di recesso. Il Cliente pu\u00f2 utilizzare per la comunicazione il presente MODULO DI RECESSO. Le spese di restituzione sono a carico del cliente. Hugospritz.it\u00a0rimborser\u00e0 al Cliente tutti i pagamenti ricevuti per il prodotto o i prodotti per i quali ha esercitato il diritto di recesso (comprensive le spese di consegna originarie) entro 14 giorni dalla comunicazione del cliente.<\/p>\n<h3>Garanzie<\/h3>\n<p>Hugospritz.it\u00a0garantisce che verranno consegnati prodotti eguali a quelli indicati e descritti nel sito. Per tutti i prodotti venduti vale la responsabilit\u00e0 del produttore. Il produttore \u00e8 responsabile anche della veridicit\u00e0 e completezza delle indicazioni riportate sulle confezioni.<\/p>\n<h3>Privacy<\/h3>\n<p>I dati personali richiesti in fase di inoltro dell&#8217;ordine sono raccolti da Hugospritz.it\u00a0e trattati su supporti informatici, al fine di soddisfare le obbligazioni nascenti dal contratto concluso con il Cliente e non verranno in nessun caso e a nessun titolo ceduti a terzi. Hugospritz.it\u00a0garantisce ai propri Clienti il rispetto della normativa in materia di trattamento dei dati personali, disciplinata dal codice della privacy di cui al DLgs. N. 196 del 30.06.03. Titolare del trattamento dati \u00e8 HUGOSPRITZ.IT S.r.l., Streda de Pareda, 22 \u2013 38032 Canazei (TN), nella persona che di volta in volta ha la rappresentanza legale, salvo che non sia nominato un responsabile ai sensi della dell&#8217;art. 29 del D.lgs. n. 196\/2003. Al cliente, in ogni momento, spetta il diritto di revocare il consenso al trattamento dei dati personali con comunicazione scritta da inviarsi a Hugospritz.it, all&#8217;indirizzo di cui sopra. Il cliente, ai sensi dell&#8217;art. 7 del D.Lgs. n. 196\/2003, ha il diritto di accedere ai propri dati secondo le modalit\u00e0 ivi previste. Le comunicazioni marketing verranno inviate solo dietro esplicito consenso del Cliente rilasciato unitamente all&#8217;autorizzazione al trattamento ed all&#8217;invio nel modulo di registrazione online.<\/p>\n<h3>Tutela dei minori<\/h3>\n<p>Hugospritz.it\u00a0non vende prodotti alcolici ai minori di 18 anni. Il corriere non consegner\u00e0 i prodotti alcolici ai minori di 18 anni e potr\u00e0 richiedere un documento di identit\u00e0 per verificare l&#8217;et\u00e0.<\/p>\n<h3>Reclami<\/h3>\n<p>Ogni eventuale reclamo dovr\u00e0 essere rivolto per iscritto a HUGOSPRITZ.IT S.r.l. &#8211; Streda de Pareda, 22 \u2013 38032 Canazei (TN) oppure per email a <a href=\"mailto:info@hugospritz.it\">info@hugospritz.it<\/a>.<\/p>\n<h3>Giurisdizione e legge applicabile<\/h3>\n<p>Il contratto di vendita tra il Cliente e Hugospritz.it\u00a0si intende concluso in Italia e regolato dalla Legge Italiana. Per la soluzione di controversie civili e penali derivanti dalla conclusione del presente contratto di vendita a distanza, se il Cliente \u00e8 un consumatore, la competenza territoriale \u00e8 quella del foro di riferimento del suo comune di residenza; in tutti gli altri casi, la competenza territoriale \u00e8 esclusivamente quella del Foro di Trento.<\/p>\n<\/div>\n<\/div>\n","protected":false},"excerpt":{"rendered":"<p>Vendiamo online nel pieno rispetto delle normative vigenti Il presente sito \u00e8 propriet\u00e0 di: HUGO S.R.L. Streda de Pareda, 22 38032 Canazei (Tn) Tel. +39 392 90 98 762 Email&#8230;<\/p>\n","protected":false},"author":2,"featured_media":0,"parent":0,"menu_order":0,"comment_status":"closed","ping_status":"closed","template":"","meta":[],"yoast_head":"<!-- This site is optimized with the Yoast SEO plugin v21.0 - https:\/\/yoast.com\/wordpress\/plugins\/seo\/ -->\n<title>Condizioni - Hugo Spritz<\/title>\n<meta name=\"robots\" content=\"index, follow, max-snippet:-1, max-image-preview:large, max-video-preview:-1\" \/>\n<link rel=\"canonical\" href=\"https:\/\/hugospritz.it\/it\/condizioni\/\" \/>\n<meta property=\"og:locale\" content=\"it_IT\" \/>\n<meta property=\"og:type\" content=\"article\" \/>\n<meta property=\"og:title\" content=\"Condizioni - Hugo Spritz\" \/>\n<meta property=\"og:description\" content=\"Vendiamo online nel pieno rispetto delle normative vigenti Il presente sito \u00e8 propriet\u00e0 di: HUGO S.R.L. Streda de Pareda, 22 38032 Canazei (Tn) Tel. +39 392 90 98 762 Email...\" \/>\n<meta property=\"og:url\" content=\"https:\/\/hugospritz.it\/it\/condizioni\/\" \/>\n<meta property=\"og:site_name\" content=\"Hugo Spritz\" \/>\n<meta property=\"article:modified_time\" content=\"2016-10-19T08:53:48+00:00\" \/>\n<meta name=\"twitter:card\" content=\"summary_large_image\" \/>\n<meta name=\"twitter:label1\" content=\"Tempo di lettura stimato\" \/>\n\t<meta name=\"twitter:data1\" content=\"6 minuti\" \/>\n<script type=\"application\/ld+json\" class=\"yoast-schema-graph\">{\"@context\":\"https:\/\/schema.org\",\"@graph\":[{\"@type\":\"WebPage\",\"@id\":\"https:\/\/hugospritz.it\/it\/condizioni\/\",\"url\":\"https:\/\/hugospritz.it\/it\/condizioni\/\",\"name\":\"Condizioni - Hugo Spritz\",\"isPartOf\":{\"@id\":\"https:\/\/hugospritz.it\/it\/#website\"},\"datePublished\":\"2016-10-14T14:44:12+00:00\",\"dateModified\":\"2016-10-19T08:53:48+00:00\",\"breadcrumb\":{\"@id\":\"https:\/\/hugospritz.it\/it\/condizioni\/#breadcrumb\"},\"inLanguage\":\"it-IT\",\"potentialAction\":[{\"@type\":\"ReadAction\",\"target\":[\"https:\/\/hugospritz.it\/it\/condizioni\/\"]}]},{\"@type\":\"BreadcrumbList\",\"@id\":\"https:\/\/hugospritz.it\/it\/condizioni\/#breadcrumb\",\"itemListElement\":[{\"@type\":\"ListItem\",\"position\":1,\"name\":\"Home\",\"item\":\"https:\/\/hugospritz.it\/it\/\"},{\"@type\":\"ListItem\",\"position\":2,\"name\":\"Condizioni\"}]},{\"@type\":\"WebSite\",\"@id\":\"https:\/\/hugospritz.it\/it\/#website\",\"url\":\"https:\/\/hugospritz.it\/it\/\",\"name\":\"Hugo Spritz\",\"description\":\"My WordPress Blog\",\"potentialAction\":[{\"@type\":\"SearchAction\",\"target\":{\"@type\":\"EntryPoint\",\"urlTemplate\":\"https:\/\/hugospritz.it\/it\/?s={search_term_string}\"},\"query-input\":\"required name=search_term_string\"}],\"inLanguage\":\"it-IT\"}]}<\/script>\n<!-- \/ Yoast SEO plugin. -->","yoast_head_json":{"title":"Condizioni - Hugo Spritz","robots":{"index":"index","follow":"follow","max-snippet":"max-snippet:-1","max-image-preview":"max-image-preview:large","max-video-preview":"max-video-preview:-1"},"canonical":"https:\/\/hugospritz.it\/it\/condizioni\/","og_locale":"it_IT","og_type":"article","og_title":"Condizioni - Hugo Spritz","og_description":"Vendiamo online nel pieno rispetto delle normative vigenti Il presente sito \u00e8 propriet\u00e0 di: HUGO S.R.L. Streda de Pareda, 22 38032 Canazei (Tn) Tel. +39 392 90 98 762 Email...","og_url":"https:\/\/hugospritz.it\/it\/condizioni\/","og_site_name":"Hugo Spritz","article_modified_time":"2016-10-19T08:53:48+00:00","twitter_card":"summary_large_image","twitter_misc":{"Tempo di lettura stimato":"6 minuti"},"schema":{"@context":"https:\/\/schema.org","@graph":[{"@type":"WebPage","@id":"https:\/\/hugospritz.it\/it\/condizioni\/","url":"https:\/\/hugospritz.it\/it\/condizioni\/","name":"Condizioni - Hugo Spritz","isPartOf":{"@id":"https:\/\/hugospritz.it\/it\/#website"},"datePublished":"2016-10-14T14:44:12+00:00","dateModified":"2016-10-19T08:53:48+00:00","breadcrumb":{"@id":"https:\/\/hugospritz.it\/it\/condizioni\/#breadcrumb"},"inLanguage":"it-IT","potentialAction":[{"@type":"ReadAction","target":["https:\/\/hugospritz.it\/it\/condizioni\/"]}]},{"@type":"BreadcrumbList","@id":"https:\/\/hugospritz.it\/it\/condizioni\/#breadcrumb","itemListElement":[{"@type":"ListItem","position":1,"name":"Home","item":"https:\/\/hugospritz.it\/it\/"},{"@type":"ListItem","position":2,"name":"Condizioni"}]},{"@type":"WebSite","@id":"https:\/\/hugospritz.it\/it\/#website","url":"https:\/\/hugospritz.it\/it\/","name":"Hugo Spritz","description":"My WordPress Blog","potentialAction":[{"@type":"SearchAction","target":{"@type":"EntryPoint","urlTemplate":"https:\/\/hugospritz.it\/it\/?s={search_term_string}"},"query-input":"required name=search_term_string"}],"inLanguage":"it-IT"}]}},"_links":{"self":[{"href":"https:\/\/hugospritz.it\/it\/wp-json\/wp\/v2\/pages\/5599"}],"collection":[{"href":"https:\/\/hugospritz.it\/it\/wp-json\/wp\/v2\/pages"}],"about":[{"href":"https:\/\/hugospritz.it\/it\/wp-json\/wp\/v2\/types\/page"}],"author":[{"embeddable":true,"href":"https:\/\/hugospritz.it\/it\/wp-json\/wp\/v2\/users\/2"}],"replies":[{"embeddable":true,"href":"https:\/\/hugospritz.it\/it\/wp-json\/wp\/v2\/comments?post=5599"}],"version-history":[{"count":6,"href":"https:\/\/hugospritz.it\/it\/wp-json\/wp\/v2\/pages\/5599\/revisions"}],"predecessor-version":[{"id":5640,"href":"https:\/\/hugospritz.it\/it\/wp-json\/wp\/v2\/pages\/5599\/revisions\/5640"}],"wp:attachment":[{"href":"https:\/\/hugospritz.it\/it\/wp-json\/wp\/v2\/media?parent=5599"}],"curies":[{"name":"wp","href":"https:\/\/api.w.org\/{rel}","templated":true}]}}